{"id":548930,"date":"2024-02-03T02:35:25","date_gmt":"2024-02-03T02:35:25","guid":{"rendered":"https:\/\/barbot.pt\/produto\/protection\/"},"modified":"2024-02-03T02:35:25","modified_gmt":"2024-02-03T02:35:25","slug":"protection","status":"publish","type":"product","link":"https:\/\/barbot.pt\/fr\/produit\/protection\/","title":{"rendered":"Protection"},"content":{"rendered":"<p>Vernis aqueux pr\u00e9ventif contre l\u2019application de graffitis.<\/p>\n<ul>\n<li>R\u00e9duit consid\u00e9rablement l\u2019adh\u00e9rence des graffitis et emp\u00eache la p\u00e9n\u00e9tration dans le substrat ;<\/li>\n<li>Permet aux murs de respirer&nbsp;;<\/li>\n<li>Traitement pr\u00e9ventif sur diff\u00e9rents types de murs.<\/li>\n<\/ul>\n","protected":false},"excerpt":{"rendered":"<p>Vernis aqueux pr\u00e9ventif contre l\u2019application de graffitis.<\/p>\n","protected":false},"featured_media":481557,"template":"","meta":{"_acf_changed":false,"_seopress_robots_primary_cat":"none","_seopress_titles_title":"%%post_title\u00a0%% %%sep\u00a0%% %%sitetitle\u00a0%%","_seopress_titles_desc":"Vernis aqueux pr\u00e9ventif contre l\u2019application de graffitis.","_seopress_robots_index":""},"n_product_tax-product_admin":[2055],"product_brand":[],"product_cat":[3620,3619],"product_tag":[2058],"class_list":{"0":"post-548930","1":"product","2":"type-product","3":"status-publish","4":"has-post-thumbnail","6":"product_cat-facades-fr","7":"product_cat-finitions-facades-peinture","8":"product_tag-pode-max-fr","10":"first","11":"instock","12":"taxable","13":"shipping-taxable","14":"purchasable","15":"product-type-variable"},"acf":[],"_links":{"self":[{"href":"https:\/\/barbot.pt\/fr\/wp-json\/wp\/v2\/product\/548930","targetHints":{"allow":["GET"]}}],"collection":[{"href":"https:\/\/barbot.pt\/fr\/wp-json\/wp\/v2\/product"}],"about":[{"href":"https:\/\/barbot.pt\/fr\/wp-json\/wp\/v2\/types\/product"}],"wp:featuredmedia":[{"embeddable":true,"href":"https:\/\/barbot.pt\/fr\/wp-json\/wp\/v2\/media\/481557"}],"wp:attachment":[{"href":"https:\/\/barbot.pt\/fr\/wp-json\/wp\/v2\/media?parent=548930"}],"wp:term":[{"taxonomy":"n_product_tax-product_admin","embeddable":true,"href":"https:\/\/barbot.pt\/fr\/wp-json\/wp\/v2\/n_product_tax-product_admin?post=548930"},{"taxonomy":"product_brand","embeddable":true,"href":"https:\/\/barbot.pt\/fr\/wp-json\/wp\/v2\/product_brand?post=548930"},{"taxonomy":"product_cat","embeddable":true,"href":"https:\/\/barbot.pt\/fr\/wp-json\/wp\/v2\/product_cat?post=548930"},{"taxonomy":"product_tag","embeddable":true,"href":"https:\/\/barbot.pt\/fr\/wp-json\/wp\/v2\/product_tag?post=548930"}],"curies":[{"name":"wp","href":"https:\/\/api.w.org\/{rel}","templated":true}]}}