{"id":548306,"date":"2024-02-03T02:15:22","date_gmt":"2024-02-03T02:15:22","guid":{"rendered":"https:\/\/barbot.pt\/produto\/texturada\/"},"modified":"2024-02-03T02:15:22","modified_gmt":"2024-02-03T02:15:22","slug":"texturada","status":"publish","type":"product","link":"https:\/\/barbot.pt\/fr\/produit\/texturada\/","title":{"rendered":"Textur\u00e9"},"content":{"rendered":"<p>Peinture aqueuse textur\u00e9e et \u00e9conomique (peinture au sable) pour la peinture des fa\u00e7ades.<\/p>\n<ul>\n<li>Finition d\u00e9corative textur\u00e9e<\/li>\n<li>Vous permet de dissimuler les irr\u00e9gularit\u00e9s du mur<\/li>\n<li>Facile \u00e0 appliquer<\/li>\n<\/ul>\n","protected":false},"excerpt":{"rendered":"<p>Peinture aqueuse textur\u00e9e et \u00e9conomique pour la peinture des fa\u00e7ades.<\/p>\n","protected":false},"featured_media":481560,"template":"","meta":{"_acf_changed":false,"_seopress_robots_primary_cat":"none","_seopress_titles_title":"%%post_title\u00a0%% %%sep\u00a0%% %%sitetitle\u00a0%%","_seopress_titles_desc":"Peinture aqueuse textur\u00e9e et \u00e9conomique pour la peinture des fa\u00e7ades.","_seopress_robots_index":""},"n_product_tax-product_admin":[3821,2055],"product_brand":[],"product_cat":[3620,3619],"product_tag":[2058],"class_list":{"0":"post-548306","1":"product","2":"type-product","3":"status-publish","4":"has-post-thumbnail","6":"product_cat-facades-fr","7":"product_cat-finitions-facades-peinture","8":"product_tag-pode-max-fr","10":"first","11":"instock","12":"taxable","13":"shipping-taxable","14":"purchasable","15":"product-type-variable"},"acf":[],"_links":{"self":[{"href":"https:\/\/barbot.pt\/fr\/wp-json\/wp\/v2\/product\/548306","targetHints":{"allow":["GET"]}}],"collection":[{"href":"https:\/\/barbot.pt\/fr\/wp-json\/wp\/v2\/product"}],"about":[{"href":"https:\/\/barbot.pt\/fr\/wp-json\/wp\/v2\/types\/product"}],"wp:featuredmedia":[{"embeddable":true,"href":"https:\/\/barbot.pt\/fr\/wp-json\/wp\/v2\/media\/481560"}],"wp:attachment":[{"href":"https:\/\/barbot.pt\/fr\/wp-json\/wp\/v2\/media?parent=548306"}],"wp:term":[{"taxonomy":"n_product_tax-product_admin","embeddable":true,"href":"https:\/\/barbot.pt\/fr\/wp-json\/wp\/v2\/n_product_tax-product_admin?post=548306"},{"taxonomy":"product_brand","embeddable":true,"href":"https:\/\/barbot.pt\/fr\/wp-json\/wp\/v2\/product_brand?post=548306"},{"taxonomy":"product_cat","embeddable":true,"href":"https:\/\/barbot.pt\/fr\/wp-json\/wp\/v2\/product_cat?post=548306"},{"taxonomy":"product_tag","embeddable":true,"href":"https:\/\/barbot.pt\/fr\/wp-json\/wp\/v2\/product_tag?post=548306"}],"curies":[{"name":"wp","href":"https:\/\/api.w.org\/{rel}","templated":true}]}}