{"id":545633,"date":"2024-02-03T02:10:21","date_gmt":"2024-02-03T02:10:21","guid":{"rendered":"https:\/\/barbot.pt\/produto\/silicor\/"},"modified":"2025-07-19T18:10:55","modified_gmt":"2025-07-19T17:10:55","slug":"silicor","status":"publish","type":"product","link":"https:\/\/barbot.pt\/fr\/produit\/silicor\/","title":{"rendered":"Silicor"},"content":{"rendered":"<p>SILICOR est une peinture aqueuse textur\u00e9e (peinture sable) sp\u00e9cialement d\u00e9velopp\u00e9e pour la peinture des fa\u00e7ades.<\/p>\n<ul>\n<li>Avec sa formule avanc\u00e9e, ce produit offre une s\u00e9rie d\u2019avantages qui garantissent un fini impeccable et durable.<\/li>\n<li>Capacit\u00e9 \u00e0 lisser les imperfections de surface, offrant un r\u00e9sultat final uniforme et sans d\u00e9faut.<\/li>\n<li>Sa haute r\u00e9sistance aux intemp\u00e9ries garantit que la couleur et la texture restent intactes m\u00eame face aux conditions m\u00e9t\u00e9orologiques les plus difficiles.<\/li>\n<\/ul>\n","protected":false},"excerpt":{"rendered":"<p>Peinture aqueuse textur\u00e9e, pour la peinture des fa\u00e7ades.<\/p>\n","protected":false},"featured_media":481559,"template":"","meta":{"_acf_changed":false,"_seopress_robots_primary_cat":"none","_seopress_titles_title":"%%post_title\u00a0%% %%sep\u00a0%% %%sitetitle\u00a0%%","_seopress_titles_desc":"Peinture aqueuse textur\u00e9e, pour la peinture des fa\u00e7ades.","_seopress_robots_index":""},"n_product_tax-product_admin":[2055,3918],"product_brand":[],"product_cat":[3620,3619],"product_tag":[2058],"class_list":{"0":"post-545633","1":"product","2":"type-product","3":"status-publish","4":"has-post-thumbnail","6":"product_cat-facades-fr","7":"product_cat-finitions-facades-peinture","8":"product_tag-pode-max-fr","10":"first","11":"instock","12":"taxable","13":"shipping-taxable","14":"purchasable","15":"product-type-variable"},"acf":[],"_links":{"self":[{"href":"https:\/\/barbot.pt\/fr\/wp-json\/wp\/v2\/product\/545633","targetHints":{"allow":["GET"]}}],"collection":[{"href":"https:\/\/barbot.pt\/fr\/wp-json\/wp\/v2\/product"}],"about":[{"href":"https:\/\/barbot.pt\/fr\/wp-json\/wp\/v2\/types\/product"}],"wp:featuredmedia":[{"embeddable":true,"href":"https:\/\/barbot.pt\/fr\/wp-json\/wp\/v2\/media\/481559"}],"wp:attachment":[{"href":"https:\/\/barbot.pt\/fr\/wp-json\/wp\/v2\/media?parent=545633"}],"wp:term":[{"taxonomy":"n_product_tax-product_admin","embeddable":true,"href":"https:\/\/barbot.pt\/fr\/wp-json\/wp\/v2\/n_product_tax-product_admin?post=545633"},{"taxonomy":"product_brand","embeddable":true,"href":"https:\/\/barbot.pt\/fr\/wp-json\/wp\/v2\/product_brand?post=545633"},{"taxonomy":"product_cat","embeddable":true,"href":"https:\/\/barbot.pt\/fr\/wp-json\/wp\/v2\/product_cat?post=545633"},{"taxonomy":"product_tag","embeddable":true,"href":"https:\/\/barbot.pt\/fr\/wp-json\/wp\/v2\/product_tag?post=545633"}],"curies":[{"name":"wp","href":"https:\/\/api.w.org\/{rel}","templated":true}]}}