{"id":543212,"date":"2024-02-03T02:45:26","date_gmt":"2024-02-03T02:45:26","guid":{"rendered":"https:\/\/barbot.pt\/produto\/primario-barbolite\/"},"modified":"2024-02-03T02:45:26","modified_gmt":"2024-02-03T02:45:26","slug":"primario-barbolite","status":"publish","type":"product","link":"https:\/\/barbot.pt\/fr\/produit\/primario-barbolite\/","title":{"rendered":"Appr\u00eat \u00e0 la barbolite"},"content":{"rendered":"<p>Un appr\u00eat acrylique \u00e0 base de solvant qui inspirera votre prochain projet&nbsp;! Con\u00e7u sp\u00e9cifiquement pour les fa\u00e7ades. <\/p>\n<ul>\n<li>Bonne \u00e9tanch\u00e9it\u00e9 de surface et bonne p\u00e9n\u00e9tration<\/li>\n<li>Agglom\u00e8re facilement les surfaces friables, fournissant une base solide pour une peinture de qualit\u00e9 sup\u00e9rieure&nbsp;;<\/li>\n<li>Il a une r\u00e9sistance impressionnante \u00e0 l\u2019alcalinit\u00e9. Cela signifie que votre projet restera intact, m\u00eame face \u00e0 des conditions environnementales difficiles. <\/li>\n<\/ul>\n","protected":false},"excerpt":{"rendered":"<p>Appr\u00eat acrylique \u00e0 base de solvant, avec une bonne \u00e9tanch\u00e9it\u00e9, pour fa\u00e7ades.<\/p>\n","protected":false},"featured_media":481555,"template":"","meta":{"_acf_changed":false,"_seopress_robots_primary_cat":"none","_seopress_titles_title":"%%post_title\u00a0%% %%sep\u00a0%% %%sitetitle\u00a0%%","_seopress_titles_desc":"Appr\u00eat acrylique \u00e0 base de solvant, avec une bonne \u00e9tanch\u00e9it\u00e9, pour fa\u00e7ades.","_seopress_robots_index":""},"n_product_tax-product_admin":[3821,2055],"product_brand":[],"product_cat":[3620,4595],"product_tag":[2058],"class_list":{"0":"post-543212","1":"product","2":"type-product","3":"status-publish","4":"has-post-thumbnail","6":"product_cat-facades-fr","7":"product_cat-primaire-fr","8":"product_tag-pode-max-fr","10":"first","11":"instock","12":"taxable","13":"shipping-taxable","14":"purchasable","15":"product-type-variable"},"acf":[],"_links":{"self":[{"href":"https:\/\/barbot.pt\/fr\/wp-json\/wp\/v2\/product\/543212","targetHints":{"allow":["GET"]}}],"collection":[{"href":"https:\/\/barbot.pt\/fr\/wp-json\/wp\/v2\/product"}],"about":[{"href":"https:\/\/barbot.pt\/fr\/wp-json\/wp\/v2\/types\/product"}],"wp:featuredmedia":[{"embeddable":true,"href":"https:\/\/barbot.pt\/fr\/wp-json\/wp\/v2\/media\/481555"}],"wp:attachment":[{"href":"https:\/\/barbot.pt\/fr\/wp-json\/wp\/v2\/media?parent=543212"}],"wp:term":[{"taxonomy":"n_product_tax-product_admin","embeddable":true,"href":"https:\/\/barbot.pt\/fr\/wp-json\/wp\/v2\/n_product_tax-product_admin?post=543212"},{"taxonomy":"product_brand","embeddable":true,"href":"https:\/\/barbot.pt\/fr\/wp-json\/wp\/v2\/product_brand?post=543212"},{"taxonomy":"product_cat","embeddable":true,"href":"https:\/\/barbot.pt\/fr\/wp-json\/wp\/v2\/product_cat?post=543212"},{"taxonomy":"product_tag","embeddable":true,"href":"https:\/\/barbot.pt\/fr\/wp-json\/wp\/v2\/product_tag?post=543212"}],"curies":[{"name":"wp","href":"https:\/\/api.w.org\/{rel}","templated":true}]}}