{"id":525494,"date":"2024-02-03T00:55:57","date_gmt":"2024-02-03T00:55:57","guid":{"rendered":"https:\/\/barbot.pt\/produto\/barboprimer\/"},"modified":"2024-02-03T00:55:57","modified_gmt":"2024-02-03T00:55:57","slug":"barboprimer","status":"publish","type":"product","link":"https:\/\/barbot.pt\/fr\/produit\/barboprimer\/","title":{"rendered":"Barboprimer"},"content":{"rendered":"<p>Primaire universel pour murs int\u00e9rieurs et plafonds.<\/p>\n<ul>\n<li>Am\u00e9liore la finition finale, pour offrir un r\u00e9sultat impeccable.<\/li>\n<li>\u00c9vite d\u2019avoir besoin d\u2019une couche suppl\u00e9mentaire de peinture de finition, ce qui permet d\u2019\u00e9conomiser du temps et de l\u2019argent.<\/li>\n<li>La solution parfaite pour la plupart des sch\u00e9mas de peinture.<\/li>\n<li>Facile \u00e0 appliquer, assurant un processus de peinture fluide et efficace.<\/li>\n<li>Il fournit une base solide pour une peinture durable et de haute qualit\u00e9.<\/li>\n<li>Le choix id\u00e9al pour obtenir une finition parfaite, m\u00eame dans les zones o\u00f9 la peinture pr\u00e9sente des d\u00e9fis.<\/li>\n<\/ul>\n<p>Profitez de la facilit\u00e9 et des avantages de l\u2019utilisation de BARBOPRIMER dans vos prochaines peintures.<\/p>\n","protected":false},"excerpt":{"rendered":"<p>Appr\u00eat aqueux, pour murs int\u00e9rieurs.<\/p>\n","protected":false},"featured_media":481594,"template":"","meta":{"_acf_changed":false,"_seopress_robots_primary_cat":"none","_seopress_titles_title":"%%post_title\u00a0%% %%sep\u00a0%% %%sitetitle\u00a0%%","_seopress_titles_desc":"Appr\u00eat aqueux, pour murs int\u00e9rieurs.","_seopress_robots_index":""},"n_product_tax-product_admin":[3821,2055],"product_brand":[],"product_cat":[3621,4617],"product_tag":[4499,2058],"class_list":{"0":"post-525494","1":"product","2":"type-product","3":"status-publish","4":"has-post-thumbnail","6":"product_cat-murs-plafonds","7":"product_cat-murs-et-plafonds-primaires","8":"product_tag-dtc-murs-plafonds","9":"product_tag-pode-max-fr","11":"first","12":"instock","13":"sale","14":"taxable","15":"shipping-taxable","16":"purchasable","17":"product-type-variable"},"acf":[],"_links":{"self":[{"href":"https:\/\/barbot.pt\/fr\/wp-json\/wp\/v2\/product\/525494","targetHints":{"allow":["GET"]}}],"collection":[{"href":"https:\/\/barbot.pt\/fr\/wp-json\/wp\/v2\/product"}],"about":[{"href":"https:\/\/barbot.pt\/fr\/wp-json\/wp\/v2\/types\/product"}],"wp:featuredmedia":[{"embeddable":true,"href":"https:\/\/barbot.pt\/fr\/wp-json\/wp\/v2\/media\/481594"}],"wp:attachment":[{"href":"https:\/\/barbot.pt\/fr\/wp-json\/wp\/v2\/media?parent=525494"}],"wp:term":[{"taxonomy":"n_product_tax-product_admin","embeddable":true,"href":"https:\/\/barbot.pt\/fr\/wp-json\/wp\/v2\/n_product_tax-product_admin?post=525494"},{"taxonomy":"product_brand","embeddable":true,"href":"https:\/\/barbot.pt\/fr\/wp-json\/wp\/v2\/product_brand?post=525494"},{"taxonomy":"product_cat","embeddable":true,"href":"https:\/\/barbot.pt\/fr\/wp-json\/wp\/v2\/product_cat?post=525494"},{"taxonomy":"product_tag","embeddable":true,"href":"https:\/\/barbot.pt\/fr\/wp-json\/wp\/v2\/product_tag?post=525494"}],"curies":[{"name":"wp","href":"https:\/\/api.w.org\/{rel}","templated":true}]}}