{"id":523766,"date":"2024-02-03T00:15:26","date_gmt":"2024-02-03T00:15:26","guid":{"rendered":"https:\/\/barbot.pt\/produto\/glamour\/"},"modified":"2024-02-03T00:15:26","modified_gmt":"2024-02-03T00:15:26","slug":"glamour","status":"publish","type":"product","link":"https:\/\/barbot.pt\/fr\/produit\/glamour\/","title":{"rendered":"Charme"},"content":{"rendered":"<p>Effet d\u00e9coratif sp\u00e9cial &#8211; Ajoutez une touche de charme et de sophistication \u00e0 vos murs avec une finition m\u00e9tallique dor\u00e9e ou argent\u00e9e.<\/p>\n<ul>\n<li>Bon laquage &#8211; La peinture aqueuse offre une couverture uniforme et durable.<\/li>\n<li>Facile \u00e0 appliquer &#8211; Avec une formule facile \u00e0 appliquer<\/li>\n<li>Choisissez entre le scintillement sophistiqu\u00e9 de l\u2019or ou le style moderne de l\u2019argent.<\/li>\n<\/ul>\n<p>Utilisez GLAMOUR pour mettre en valeur certains d\u00e9tails de votre mur, apportant une touche d\u2019\u00e9l\u00e9gance \u00e0 votre espace<\/p>\n","protected":false},"excerpt":{"rendered":"<p>Peinture aqueuse, \u00e0 effet m\u00e9tallis\u00e9 pour la peinture des murs int\u00e9rieurs.<\/p>\n","protected":false},"featured_media":481503,"template":"","meta":{"_acf_changed":false,"_seopress_robots_primary_cat":"none","_seopress_titles_title":"%%post_title\u00a0%% %%sep\u00a0%% %%sitetitle\u00a0%%","_seopress_titles_desc":"Peinture aqueuse, \u00e0 effet m\u00e9tallis\u00e9 pour la peinture des murs int\u00e9rieurs.","_seopress_robots_index":""},"n_product_tax-product_admin":[3821,2055],"product_brand":[],"product_cat":[2056,3621],"product_tag":[4499,4498,2058],"class_list":{"0":"post-523766","1":"product","2":"type-product","3":"status-publish","4":"has-post-thumbnail","6":"product_cat-finitions","7":"product_cat-murs-plafonds","8":"product_tag-dtc-murs-plafonds","9":"product_tag-interieurs-dtc","10":"product_tag-pode-max-fr","12":"first","13":"instock","14":"taxable","15":"shipping-taxable","16":"purchasable","17":"product-type-variable"},"acf":[],"_links":{"self":[{"href":"https:\/\/barbot.pt\/fr\/wp-json\/wp\/v2\/product\/523766","targetHints":{"allow":["GET"]}}],"collection":[{"href":"https:\/\/barbot.pt\/fr\/wp-json\/wp\/v2\/product"}],"about":[{"href":"https:\/\/barbot.pt\/fr\/wp-json\/wp\/v2\/types\/product"}],"wp:featuredmedia":[{"embeddable":true,"href":"https:\/\/barbot.pt\/fr\/wp-json\/wp\/v2\/media\/481503"}],"wp:attachment":[{"href":"https:\/\/barbot.pt\/fr\/wp-json\/wp\/v2\/media?parent=523766"}],"wp:term":[{"taxonomy":"n_product_tax-product_admin","embeddable":true,"href":"https:\/\/barbot.pt\/fr\/wp-json\/wp\/v2\/n_product_tax-product_admin?post=523766"},{"taxonomy":"product_brand","embeddable":true,"href":"https:\/\/barbot.pt\/fr\/wp-json\/wp\/v2\/product_brand?post=523766"},{"taxonomy":"product_cat","embeddable":true,"href":"https:\/\/barbot.pt\/fr\/wp-json\/wp\/v2\/product_cat?post=523766"},{"taxonomy":"product_tag","embeddable":true,"href":"https:\/\/barbot.pt\/fr\/wp-json\/wp\/v2\/product_tag?post=523766"}],"curies":[{"name":"wp","href":"https:\/\/api.w.org\/{rel}","templated":true}]}}