{"id":517369,"date":"2024-02-03T03:00:29","date_gmt":"2024-02-03T03:00:29","guid":{"rendered":"https:\/\/barbot.pt\/produto\/cleaner-removedor-de-graffitis\/"},"modified":"2024-02-03T03:00:29","modified_gmt":"2024-02-03T03:00:29","slug":"cleaner-removedor-de-graffitis","status":"publish","type":"product","link":"https:\/\/barbot.pt\/fr\/produit\/cleaner-removedor-de-graffitis\/","title":{"rendered":"Nettoyant pour d\u00e9capant les graffitis"},"content":{"rendered":"<p>D\u00e9cape tous les types de peintures utilis\u00e9es dans les graffitis.<\/p>\n<ul>\n<li>Il n\u2019attaque pas les mat\u00e9riaux o\u00f9 les graffitis sont habituellement appliqu\u00e9s (pierre, b\u00e9ton, m\u00e9tal, plastiques, etc.)<\/li>\n<li>Application facile.<\/li>\n<\/ul>\n<p>Gel anti-graffitis transparent.<\/p>\n","protected":false},"excerpt":{"rendered":"<p>Gel d\u00e9capant pour graffitis incolore.<\/p>\n","protected":false},"featured_media":481543,"template":"","meta":{"_acf_changed":false,"_seopress_robots_primary_cat":"none","_seopress_titles_title":"%%post_title\u00a0%% %%sep\u00a0%% %%sitetitle\u00a0%%","_seopress_titles_desc":"Gel d\u00e9capant pour graffitis incolore.","_seopress_robots_index":""},"n_product_tax-product_admin":[3821,2055],"product_brand":[],"product_cat":[3620,4491],"product_tag":[2058],"class_list":{"0":"post-517369","1":"product","2":"type-product","3":"status-publish","4":"has-post-thumbnail","6":"product_cat-facades-fr","7":"product_cat-preparateur-fr","8":"product_tag-pode-max-fr","10":"first","11":"instock","12":"taxable","13":"shipping-taxable","14":"purchasable","15":"product-type-variable"},"acf":[],"_links":{"self":[{"href":"https:\/\/barbot.pt\/fr\/wp-json\/wp\/v2\/product\/517369","targetHints":{"allow":["GET"]}}],"collection":[{"href":"https:\/\/barbot.pt\/fr\/wp-json\/wp\/v2\/product"}],"about":[{"href":"https:\/\/barbot.pt\/fr\/wp-json\/wp\/v2\/types\/product"}],"wp:featuredmedia":[{"embeddable":true,"href":"https:\/\/barbot.pt\/fr\/wp-json\/wp\/v2\/media\/481543"}],"wp:attachment":[{"href":"https:\/\/barbot.pt\/fr\/wp-json\/wp\/v2\/media?parent=517369"}],"wp:term":[{"taxonomy":"n_product_tax-product_admin","embeddable":true,"href":"https:\/\/barbot.pt\/fr\/wp-json\/wp\/v2\/n_product_tax-product_admin?post=517369"},{"taxonomy":"product_brand","embeddable":true,"href":"https:\/\/barbot.pt\/fr\/wp-json\/wp\/v2\/product_brand?post=517369"},{"taxonomy":"product_cat","embeddable":true,"href":"https:\/\/barbot.pt\/fr\/wp-json\/wp\/v2\/product_cat?post=517369"},{"taxonomy":"product_tag","embeddable":true,"href":"https:\/\/barbot.pt\/fr\/wp-json\/wp\/v2\/product_tag?post=517369"}],"curies":[{"name":"wp","href":"https:\/\/api.w.org\/{rel}","templated":true}]}}