{"id":516925,"date":"2024-02-14T11:36:08","date_gmt":"2024-02-14T11:36:08","guid":{"rendered":"https:\/\/barbot.pt\/produto\/barbodeck\/"},"modified":"2024-02-14T11:36:08","modified_gmt":"2024-02-14T11:36:08","slug":"barbodeck","status":"publish","type":"product","link":"https:\/\/barbot.pt\/fr\/produit\/barbodeck\/","title":{"rendered":"Barbodeck"},"content":{"rendered":"","protected":false},"excerpt":{"rendered":"<p>Vernis aqueux satin\u00e9, pour prot\u00e9ger et embellir les terrasses en bois, en ext\u00e9rieur.<\/p>\n","protected":false},"featured_media":481529,"template":"","meta":{"_acf_changed":false,"_seopress_robots_primary_cat":"none","_seopress_titles_title":"%%post_title\u00a0%% %%sep\u00a0%% %%sitetitle\u00a0%%","_seopress_titles_desc":"Vernis aqueux satin\u00e9, pour prot\u00e9ger et embellir les terrasses en bois, en ext\u00e9rieur.","_seopress_robots_index":""},"n_product_tax-product_admin":[3821,2055],"product_brand":[],"product_cat":[4516,3626],"product_tag":[2058],"class_list":{"0":"post-516925","1":"product","2":"type-product","3":"status-publish","4":"has-post-thumbnail","6":"product_cat-dts-2-en-1","7":"product_cat-menuiserie-et-metallerie","8":"product_tag-pode-max-fr","10":"first","11":"instock","12":"taxable","13":"shipping-taxable","14":"purchasable","15":"product-type-variable"},"acf":[],"_links":{"self":[{"href":"https:\/\/barbot.pt\/fr\/wp-json\/wp\/v2\/product\/516925","targetHints":{"allow":["GET"]}}],"collection":[{"href":"https:\/\/barbot.pt\/fr\/wp-json\/wp\/v2\/product"}],"about":[{"href":"https:\/\/barbot.pt\/fr\/wp-json\/wp\/v2\/types\/product"}],"wp:featuredmedia":[{"embeddable":true,"href":"https:\/\/barbot.pt\/fr\/wp-json\/wp\/v2\/media\/481529"}],"wp:attachment":[{"href":"https:\/\/barbot.pt\/fr\/wp-json\/wp\/v2\/media?parent=516925"}],"wp:term":[{"taxonomy":"n_product_tax-product_admin","embeddable":true,"href":"https:\/\/barbot.pt\/fr\/wp-json\/wp\/v2\/n_product_tax-product_admin?post=516925"},{"taxonomy":"product_brand","embeddable":true,"href":"https:\/\/barbot.pt\/fr\/wp-json\/wp\/v2\/product_brand?post=516925"},{"taxonomy":"product_cat","embeddable":true,"href":"https:\/\/barbot.pt\/fr\/wp-json\/wp\/v2\/product_cat?post=516925"},{"taxonomy":"product_tag","embeddable":true,"href":"https:\/\/barbot.pt\/fr\/wp-json\/wp\/v2\/product_tag?post=516925"}],"curies":[{"name":"wp","href":"https:\/\/api.w.org\/{rel}","templated":true}]}}