{"id":505161,"date":"2024-02-16T00:23:07","date_gmt":"2024-02-16T00:23:07","guid":{"rendered":"https:\/\/barbot.pt\/produto\/massa-barbotherm-f\/"},"modified":"2025-10-08T11:57:12","modified_gmt":"2025-10-08T10:57:12","slug":"massa-barbotherm-f","status":"publish","type":"product","link":"https:\/\/barbot.pt\/fr\/produit\/massa-barbotherm-f\/","title":{"rendered":"Massa Barbotherm F"},"content":{"rendered":"","protected":false},"excerpt":{"rendered":"<p>Mortier fibr\u00e9 pour le collage et l\u2019isolation des barri\u00e8res en panneaux, sur la ma\u00e7onnerie, le pl\u00e2tre, le ciment et le b\u00e9ton.<\/p>\n","protected":false},"featured_media":481549,"template":"","meta":{"_acf_changed":false,"_seopress_robots_primary_cat":"none","_seopress_titles_title":"%%post_title%% %%sep%% %%sitetitle%%","_seopress_titles_desc":"Argamassa fibrada de colagem e barramento de placas isolantes, sobre alvenaria, reboco, cimento e bet\u00e3o.","_seopress_robots_index":""},"n_product_tax-product_admin":[3822,3821,2055],"product_brand":[],"product_cat":[3620,3832],"product_tag":[2558],"class_list":{"0":"post-505161","1":"product","2":"type-product","3":"status-publish","4":"has-post-thumbnail","6":"product_cat-facades-fr","7":"product_cat-isolation-thermique-mortier","8":"product_tag-calculator-no-fr","10":"first","11":"instock","12":"taxable","13":"shipping-taxable","14":"product-type-simple"},"acf":[],"_links":{"self":[{"href":"https:\/\/barbot.pt\/fr\/wp-json\/wp\/v2\/product\/505161","targetHints":{"allow":["GET"]}}],"collection":[{"href":"https:\/\/barbot.pt\/fr\/wp-json\/wp\/v2\/product"}],"about":[{"href":"https:\/\/barbot.pt\/fr\/wp-json\/wp\/v2\/types\/product"}],"wp:featuredmedia":[{"embeddable":true,"href":"https:\/\/barbot.pt\/fr\/wp-json\/wp\/v2\/media\/481549"}],"wp:attachment":[{"href":"https:\/\/barbot.pt\/fr\/wp-json\/wp\/v2\/media?parent=505161"}],"wp:term":[{"taxonomy":"n_product_tax-product_admin","embeddable":true,"href":"https:\/\/barbot.pt\/fr\/wp-json\/wp\/v2\/n_product_tax-product_admin?post=505161"},{"taxonomy":"product_brand","embeddable":true,"href":"https:\/\/barbot.pt\/fr\/wp-json\/wp\/v2\/product_brand?post=505161"},{"taxonomy":"product_cat","embeddable":true,"href":"https:\/\/barbot.pt\/fr\/wp-json\/wp\/v2\/product_cat?post=505161"},{"taxonomy":"product_tag","embeddable":true,"href":"https:\/\/barbot.pt\/fr\/wp-json\/wp\/v2\/product_tag?post=505161"}],"curies":[{"name":"wp","href":"https:\/\/api.w.org\/{rel}","templated":true}]}}