{"id":505157,"date":"2024-02-16T00:23:07","date_gmt":"2024-02-16T00:23:07","guid":{"rendered":"https:\/\/barbot.pt\/produto\/cimento-cola-flexivel-301\/"},"modified":"2024-02-16T00:23:07","modified_gmt":"2024-02-16T00:23:07","slug":"cimento-cola-flexivel-301","status":"publish","type":"product","link":"https:\/\/barbot.pt\/fr\/produit\/cimento-cola-flexivel-301\/","title":{"rendered":"Adh\u00e9sif flexible 301"},"content":{"rendered":"","protected":false},"excerpt":{"rendered":"<p>Ciment adh\u00e9sif flexible, applicable dans le collage des sols, des carreaux de c\u00e9ramique et des mat\u00e9riaux en pierre. Recommand\u00e9 pour les fa\u00e7ades et les sols. <\/p>\n","protected":false},"featured_media":481573,"template":"","meta":{"_acf_changed":false,"_seopress_robots_primary_cat":"none","_seopress_titles_title":"%%post_title\u00a0%% %%sep\u00a0%% %%sitetitle\u00a0%%","_seopress_titles_desc":"Ciment adh\u00e9sif flexible, applicable dans le collage des sols, des carreaux de c\u00e9ramique et des mat\u00e9riaux en pierre. Recommand\u00e9 pour les fa\u00e7ades et les sols. ","_seopress_robots_index":""},"n_product_tax-product_admin":[3822,3821,2055],"product_brand":[],"product_cat":[4431,3620],"product_tag":[2558],"class_list":{"0":"post-505157","1":"product","2":"type-product","3":"status-publish","4":"has-post-thumbnail","6":"product_cat-ciment-adhesif","7":"product_cat-facades-fr","8":"product_tag-calculator-no-fr","10":"first","11":"instock","12":"taxable","13":"shipping-taxable","14":"purchasable","15":"product-type-variable"},"acf":[],"_links":{"self":[{"href":"https:\/\/barbot.pt\/fr\/wp-json\/wp\/v2\/product\/505157","targetHints":{"allow":["GET"]}}],"collection":[{"href":"https:\/\/barbot.pt\/fr\/wp-json\/wp\/v2\/product"}],"about":[{"href":"https:\/\/barbot.pt\/fr\/wp-json\/wp\/v2\/types\/product"}],"wp:featuredmedia":[{"embeddable":true,"href":"https:\/\/barbot.pt\/fr\/wp-json\/wp\/v2\/media\/481573"}],"wp:attachment":[{"href":"https:\/\/barbot.pt\/fr\/wp-json\/wp\/v2\/media?parent=505157"}],"wp:term":[{"taxonomy":"n_product_tax-product_admin","embeddable":true,"href":"https:\/\/barbot.pt\/fr\/wp-json\/wp\/v2\/n_product_tax-product_admin?post=505157"},{"taxonomy":"product_brand","embeddable":true,"href":"https:\/\/barbot.pt\/fr\/wp-json\/wp\/v2\/product_brand?post=505157"},{"taxonomy":"product_cat","embeddable":true,"href":"https:\/\/barbot.pt\/fr\/wp-json\/wp\/v2\/product_cat?post=505157"},{"taxonomy":"product_tag","embeddable":true,"href":"https:\/\/barbot.pt\/fr\/wp-json\/wp\/v2\/product_tag?post=505157"}],"curies":[{"name":"wp","href":"https:\/\/api.w.org\/{rel}","templated":true}]}}