{"id":504982,"date":"2024-02-16T00:23:08","date_gmt":"2024-02-16T00:23:08","guid":{"rendered":"https:\/\/barbot.pt\/produto\/massa-barbotherm-po\/"},"modified":"2025-10-08T10:15:46","modified_gmt":"2025-10-08T09:15:46","slug":"massa-barbotherm-po","status":"publish","type":"product","link":"https:\/\/barbot.pt\/fr\/produit\/massa-barbotherm-po\/","title":{"rendered":"Poudre de p\u00e2te Barbotherm"},"content":{"rendered":"","protected":false},"excerpt":{"rendered":"<p>Mortier de collage et brisement de panneaux isolants, sur ma\u00e7onnerie, pl\u00e2tre, ciment et b\u00e9ton.<\/p>\n","protected":false},"featured_media":481551,"template":"","meta":{"_acf_changed":false,"_seopress_robots_primary_cat":"none","_seopress_titles_title":"%%post_title%% %%sep%% %%sitetitle%%","_seopress_titles_desc":"Argamassa de colagem e barramento de placas isolantes, sobre alvenaria, reboco, cimento e bet\u00e3o.","_seopress_robots_index":""},"n_product_tax-product_admin":[3822,3821,2055],"product_brand":[],"product_cat":[3620,3832],"product_tag":[2558],"class_list":{"0":"post-504982","1":"product","2":"type-product","3":"status-publish","4":"has-post-thumbnail","6":"product_cat-facades-fr","7":"product_cat-isolation-thermique-mortier","8":"product_tag-calculator-no-fr","10":"first","11":"instock","12":"taxable","13":"shipping-taxable","14":"product-type-simple"},"acf":[],"_links":{"self":[{"href":"https:\/\/barbot.pt\/fr\/wp-json\/wp\/v2\/product\/504982","targetHints":{"allow":["GET"]}}],"collection":[{"href":"https:\/\/barbot.pt\/fr\/wp-json\/wp\/v2\/product"}],"about":[{"href":"https:\/\/barbot.pt\/fr\/wp-json\/wp\/v2\/types\/product"}],"wp:featuredmedia":[{"embeddable":true,"href":"https:\/\/barbot.pt\/fr\/wp-json\/wp\/v2\/media\/481551"}],"wp:attachment":[{"href":"https:\/\/barbot.pt\/fr\/wp-json\/wp\/v2\/media?parent=504982"}],"wp:term":[{"taxonomy":"n_product_tax-product_admin","embeddable":true,"href":"https:\/\/barbot.pt\/fr\/wp-json\/wp\/v2\/n_product_tax-product_admin?post=504982"},{"taxonomy":"product_brand","embeddable":true,"href":"https:\/\/barbot.pt\/fr\/wp-json\/wp\/v2\/product_brand?post=504982"},{"taxonomy":"product_cat","embeddable":true,"href":"https:\/\/barbot.pt\/fr\/wp-json\/wp\/v2\/product_cat?post=504982"},{"taxonomy":"product_tag","embeddable":true,"href":"https:\/\/barbot.pt\/fr\/wp-json\/wp\/v2\/product_tag?post=504982"}],"curies":[{"name":"wp","href":"https:\/\/api.w.org\/{rel}","templated":true}]}}