{"id":504974,"date":"2024-02-16T00:23:07","date_gmt":"2024-02-16T00:23:07","guid":{"rendered":"https:\/\/barbot.pt\/produto\/massa-de-revestimento-areada\/"},"modified":"2025-07-19T13:14:22","modified_gmt":"2025-07-19T12:14:22","slug":"massa-de-revestimento-areada","status":"publish","type":"product","link":"https:\/\/barbot.pt\/fr\/produit\/massa-de-revestimento-areada\/","title":{"rendered":"Mastic de rev\u00eatement sabl\u00e9"},"content":{"rendered":"","protected":false},"excerpt":{"rendered":"<p>Masse de rev\u00eatement ponc\u00e9e, recommand\u00e9e pour la finition sur les syst\u00e8mes Barbotherm et Barbot Restoration System.<\/p>\n","protected":false},"featured_media":481552,"template":"","meta":{"_acf_changed":false,"_seopress_robots_primary_cat":"none","_seopress_titles_title":"%%post_title\u00a0%% %%sep\u00a0%% %%sitetitle\u00a0%%","_seopress_titles_desc":"Masse de rev\u00eatement ponc\u00e9e, recommand\u00e9e pour la finition sur les syst\u00e8mes Barbotherm et Barbot Restoration System.","_seopress_robots_index":""},"n_product_tax-product_admin":[3822,2055],"product_brand":[],"product_cat":[3620,4423],"product_tag":[2558],"class_list":{"0":"post-504974","1":"product","2":"type-product","3":"status-publish","4":"has-post-thumbnail","6":"product_cat-facades-fr","7":"product_cat-isolation-thermique-finition","8":"product_tag-calculator-no-fr","10":"first","11":"instock","12":"taxable","13":"shipping-taxable","14":"purchasable","15":"product-type-variable"},"acf":[],"_links":{"self":[{"href":"https:\/\/barbot.pt\/fr\/wp-json\/wp\/v2\/product\/504974","targetHints":{"allow":["GET"]}}],"collection":[{"href":"https:\/\/barbot.pt\/fr\/wp-json\/wp\/v2\/product"}],"about":[{"href":"https:\/\/barbot.pt\/fr\/wp-json\/wp\/v2\/types\/product"}],"wp:featuredmedia":[{"embeddable":true,"href":"https:\/\/barbot.pt\/fr\/wp-json\/wp\/v2\/media\/481552"}],"wp:attachment":[{"href":"https:\/\/barbot.pt\/fr\/wp-json\/wp\/v2\/media?parent=504974"}],"wp:term":[{"taxonomy":"n_product_tax-product_admin","embeddable":true,"href":"https:\/\/barbot.pt\/fr\/wp-json\/wp\/v2\/n_product_tax-product_admin?post=504974"},{"taxonomy":"product_brand","embeddable":true,"href":"https:\/\/barbot.pt\/fr\/wp-json\/wp\/v2\/product_brand?post=504974"},{"taxonomy":"product_cat","embeddable":true,"href":"https:\/\/barbot.pt\/fr\/wp-json\/wp\/v2\/product_cat?post=504974"},{"taxonomy":"product_tag","embeddable":true,"href":"https:\/\/barbot.pt\/fr\/wp-json\/wp\/v2\/product_tag?post=504974"}],"curies":[{"name":"wp","href":"https:\/\/api.w.org\/{rel}","templated":true}]}}