{"id":498356,"date":"2024-02-03T03:10:29","date_gmt":"2024-02-03T03:10:29","guid":{"rendered":"https:\/\/barbot.pt\/produto\/solution-de-nettoyage-bioshock\/"},"modified":"2024-02-03T03:10:29","modified_gmt":"2024-02-03T03:10:29","slug":"solution-de-nettoyage-bioshock","status":"publish","type":"product","link":"https:\/\/barbot.pt\/fr\/produit\/solution-de-nettoyage-bioshock\/","title":{"rendered":"Solution de nettoyage Bioshock"},"content":{"rendered":"<p>\u00cates-vous fatigu\u00e9 de lutter contre la moisissure, le mildiou, les champignons et les points noirs typiques qui semblent dominer vos murs ?<\/p>\n<ul>\n<li>Formule qui \u00e9limine sans effort la contamination de surface&nbsp;;<\/li>\n<li>Il d\u00e9sinfecte efficacement les surfaces contamin\u00e9es, et est \u00e9galement un protecteur contre la prolif\u00e9ration de nouveaux champignons ;<\/li>\n<li>Oubliez l\u2019eau de Javel, elle n\u2019est pas nocive pour la sant\u00e9 de vos proches, ni n\u2019a d\u2019odeur ;<\/li>\n<\/ul>\n<p>L\u2019application ? C\u2019est simple, lavez la surface \u00e0 l\u2019eau ti\u00e8de, appliquez le produit et laissez-le agir pendant 24 heures, puis essuyez avec un chiffon humide et c\u2019est r\u00e9solu, nous garantissons une exp\u00e9rience de nettoyage sans tracas. <\/p>\n<p>Rejoignez le groupe de chanceux qui ont d\u00e9couvert le secret d\u2019un espace plus propre, plus sain et plus inspirant. Adoptez la SOLUTION DE NETTOYAGE BIOSHOCK d\u00e8s aujourd\u2019hui et pr\u00e9parez un monde de possibilit\u00e9s infinies avec nos couleurs et venez vous sentir chez vous. <\/p>\n","protected":false},"excerpt":{"rendered":"<p>Solution aqueuse pour le nettoyage et la d\u00e9sinfection des surfaces contamin\u00e9es par des champignons, des algues et des lichens, pour l\u2019int\u00e9rieur et l\u2019ext\u00e9rieur.<\/p>\n","protected":false},"featured_media":481572,"template":"","meta":{"_acf_changed":false,"_seopress_robots_primary_cat":"none","_seopress_titles_title":"%%post_title\u00a0%% %%sep\u00a0%% %%sitetitle\u00a0%%","_seopress_titles_desc":"Solution aqueuse pour le nettoyage et la d\u00e9sinfection des surfaces contamin\u00e9es par des champignons, des algues et des lichens, pour l\u2019int\u00e9rieur et l\u2019ext\u00e9rieur.","_seopress_robots_index":""},"n_product_tax-product_admin":[3821,2055],"product_brand":[],"product_cat":[3620,4491],"product_tag":[],"class_list":{"0":"post-498356","1":"product","2":"type-product","3":"status-publish","4":"has-post-thumbnail","6":"product_cat-facades-fr","7":"product_cat-preparateur-fr","9":"first","10":"instock","11":"taxable","12":"shipping-taxable","13":"purchasable","14":"product-type-variable"},"acf":[],"_links":{"self":[{"href":"https:\/\/barbot.pt\/fr\/wp-json\/wp\/v2\/product\/498356","targetHints":{"allow":["GET"]}}],"collection":[{"href":"https:\/\/barbot.pt\/fr\/wp-json\/wp\/v2\/product"}],"about":[{"href":"https:\/\/barbot.pt\/fr\/wp-json\/wp\/v2\/types\/product"}],"wp:featuredmedia":[{"embeddable":true,"href":"https:\/\/barbot.pt\/fr\/wp-json\/wp\/v2\/media\/481572"}],"wp:attachment":[{"href":"https:\/\/barbot.pt\/fr\/wp-json\/wp\/v2\/media?parent=498356"}],"wp:term":[{"taxonomy":"n_product_tax-product_admin","embeddable":true,"href":"https:\/\/barbot.pt\/fr\/wp-json\/wp\/v2\/n_product_tax-product_admin?post=498356"},{"taxonomy":"product_brand","embeddable":true,"href":"https:\/\/barbot.pt\/fr\/wp-json\/wp\/v2\/product_brand?post=498356"},{"taxonomy":"product_cat","embeddable":true,"href":"https:\/\/barbot.pt\/fr\/wp-json\/wp\/v2\/product_cat?post=498356"},{"taxonomy":"product_tag","embeddable":true,"href":"https:\/\/barbot.pt\/fr\/wp-json\/wp\/v2\/product_tag?post=498356"}],"curies":[{"name":"wp","href":"https:\/\/api.w.org\/{rel}","templated":true}]}}