{"id":497380,"date":"2024-02-15T00:56:19","date_gmt":"2024-02-15T00:56:19","guid":{"rendered":"https:\/\/barbot.pt\/produto\/primaire-multi-surface\/"},"modified":"2025-07-17T18:50:01","modified_gmt":"2025-07-17T17:50:01","slug":"primaire-multi-surface","status":"publish","type":"product","link":"https:\/\/barbot.pt\/fr\/produit\/primaire-multi-surface\/","title":{"rendered":"Appr\u00eat multi-surfaces"},"content":{"rendered":"<p>Appr\u00eat solvant acrylique, polyvalent pour une application sur diverses surfaces que j\u2019essaie \u00e0 l\u2019int\u00e9rieur et \u00e0 l\u2019ext\u00e9rieur de votre espace.<\/p>\n<ul>\n<li>Excellente adh\u00e9rence sur les m\u00e9taux, le bois, les carreaux, le verre, la c\u00e9ramique, le pvc&nbsp;;<\/li>\n<li>S\u00e9chage rapide&nbsp;;<\/li>\n<li>Bon pouvoir anticorrosion temporaire, qui peut \u00eatre utilis\u00e9 comme Shop-Primer (qui est une premi\u00e8re couche de protection contre la corrosion appliqu\u00e9e au stade de la fabrication) sur les surfaces en fer&nbsp;;<\/li>\n<li>N\u00e9cessite un diluant.<\/li>\n<\/ul>\n","protected":false},"excerpt":{"rendered":"<p>Appr\u00eat solvant acrylique, polyvalent pour une application sur diverses surfaces \u00e0 l\u2019int\u00e9rieur et \u00e0 l\u2019ext\u00e9rieur.<\/p>\n","protected":false},"featured_media":481519,"template":"","meta":{"_acf_changed":false,"_seopress_robots_primary_cat":"none","_seopress_titles_title":"%%post_title\u00a0%% %%sep\u00a0%% %%sitetitle\u00a0%%","_seopress_titles_desc":"Appr\u00eat solvant acrylique, polyvalent pour une application sur diverses surfaces \u00e0 l\u2019int\u00e9rieur et \u00e0 l\u2019ext\u00e9rieur.","_seopress_robots_index":""},"n_product_tax-product_admin":[3821],"product_brand":[],"product_cat":[3626,4481],"product_tag":[],"class_list":{"0":"post-497380","1":"product","2":"type-product","3":"status-publish","4":"has-post-thumbnail","6":"product_cat-menuiserie-et-metallerie","7":"product_cat-primaire","9":"first","10":"instock","11":"taxable","12":"shipping-taxable","13":"purchasable","14":"product-type-variable"},"acf":[],"_links":{"self":[{"href":"https:\/\/barbot.pt\/fr\/wp-json\/wp\/v2\/product\/497380","targetHints":{"allow":["GET"]}}],"collection":[{"href":"https:\/\/barbot.pt\/fr\/wp-json\/wp\/v2\/product"}],"about":[{"href":"https:\/\/barbot.pt\/fr\/wp-json\/wp\/v2\/types\/product"}],"wp:featuredmedia":[{"embeddable":true,"href":"https:\/\/barbot.pt\/fr\/wp-json\/wp\/v2\/media\/481519"}],"wp:attachment":[{"href":"https:\/\/barbot.pt\/fr\/wp-json\/wp\/v2\/media?parent=497380"}],"wp:term":[{"taxonomy":"n_product_tax-product_admin","embeddable":true,"href":"https:\/\/barbot.pt\/fr\/wp-json\/wp\/v2\/n_product_tax-product_admin?post=497380"},{"taxonomy":"product_brand","embeddable":true,"href":"https:\/\/barbot.pt\/fr\/wp-json\/wp\/v2\/product_brand?post=497380"},{"taxonomy":"product_cat","embeddable":true,"href":"https:\/\/barbot.pt\/fr\/wp-json\/wp\/v2\/product_cat?post=497380"},{"taxonomy":"product_tag","embeddable":true,"href":"https:\/\/barbot.pt\/fr\/wp-json\/wp\/v2\/product_tag?post=497380"}],"curies":[{"name":"wp","href":"https:\/\/api.w.org\/{rel}","templated":true}]}}