{"id":497233,"date":"2024-02-03T03:15:34","date_gmt":"2024-02-03T03:15:34","guid":{"rendered":"https:\/\/barbot.pt\/produto\/barbotart-acquarepele\/"},"modified":"2024-02-03T03:15:34","modified_gmt":"2024-02-03T03:15:34","slug":"barbotart-acquarepele","status":"publish","type":"product","link":"https:\/\/barbot.pt\/fr\/produit\/barbotart-acquarepele\/","title":{"rendered":"Barbotart Acquarepele"},"content":{"rendered":"","protected":false},"excerpt":{"rendered":"<p>Hydrofuge \u00e0 base de solvant, avec des r\u00e9sines de silicone, pour une application sur des surfaces poreuses, \u00e0 l\u2019ext\u00e9rieur.<\/p>\n","protected":false},"featured_media":481539,"template":"","meta":{"_acf_changed":false,"_seopress_robots_primary_cat":"none","_seopress_titles_title":"%%post_title\u00a0%% %%sep\u00a0%% %%sitetitle\u00a0%%","_seopress_titles_desc":"Hydrofuge \u00e0 base de solvant, avec des r\u00e9sines de silicone, pour une application sur des surfaces poreuses, \u00e0 l\u2019ext\u00e9rieur.","_seopress_robots_index":""},"n_product_tax-product_admin":[3821,2055],"product_brand":[],"product_cat":[3620,4478],"product_tag":[2058],"class_list":{"0":"post-497233","1":"product","2":"type-product","3":"status-publish","4":"has-post-thumbnail","6":"product_cat-facades-fr","7":"product_cat-facades-historiques-dts-2-en-1","8":"product_tag-pode-max-fr","10":"first","11":"instock","12":"taxable","13":"shipping-taxable","14":"purchasable","15":"product-type-variable"},"acf":[],"_links":{"self":[{"href":"https:\/\/barbot.pt\/fr\/wp-json\/wp\/v2\/product\/497233","targetHints":{"allow":["GET"]}}],"collection":[{"href":"https:\/\/barbot.pt\/fr\/wp-json\/wp\/v2\/product"}],"about":[{"href":"https:\/\/barbot.pt\/fr\/wp-json\/wp\/v2\/types\/product"}],"wp:featuredmedia":[{"embeddable":true,"href":"https:\/\/barbot.pt\/fr\/wp-json\/wp\/v2\/media\/481539"}],"wp:attachment":[{"href":"https:\/\/barbot.pt\/fr\/wp-json\/wp\/v2\/media?parent=497233"}],"wp:term":[{"taxonomy":"n_product_tax-product_admin","embeddable":true,"href":"https:\/\/barbot.pt\/fr\/wp-json\/wp\/v2\/n_product_tax-product_admin?post=497233"},{"taxonomy":"product_brand","embeddable":true,"href":"https:\/\/barbot.pt\/fr\/wp-json\/wp\/v2\/product_brand?post=497233"},{"taxonomy":"product_cat","embeddable":true,"href":"https:\/\/barbot.pt\/fr\/wp-json\/wp\/v2\/product_cat?post=497233"},{"taxonomy":"product_tag","embeddable":true,"href":"https:\/\/barbot.pt\/fr\/wp-json\/wp\/v2\/product_tag?post=497233"}],"curies":[{"name":"wp","href":"https:\/\/api.w.org\/{rel}","templated":true}]}}