{"id":496393,"date":"2024-02-03T03:30:39","date_gmt":"2024-02-03T03:30:39","guid":{"rendered":"https:\/\/barbot.pt\/produto\/facades-historiques-primaires-barbotart\/"},"modified":"2024-02-03T03:30:39","modified_gmt":"2024-02-03T03:30:39","slug":"facades-historiques-primaires-barbotart","status":"publish","type":"product","link":"https:\/\/barbot.pt\/fr\/produit\/facades-historiques-primaires-barbotart\/","title":{"rendered":"Ab\u00e9c\u00e9daire Barbotart &#8211; Fa\u00e7ades historiques"},"content":{"rendered":"","protected":false},"excerpt":{"rendered":"<p>Appr\u00eat aqueux de haute qualit\u00e9 pour la protection des fa\u00e7ades.<\/p>\n","protected":false},"featured_media":481556,"template":"","meta":{"_acf_changed":false,"_seopress_robots_primary_cat":"none","_seopress_titles_title":"%%post_title\u00a0%% %%sep\u00a0%% %%sitetitle\u00a0%%","_seopress_titles_desc":"Appr\u00eat aqueux de haute qualit\u00e9 pour la protection des fa\u00e7ades.","_seopress_robots_index":""},"n_product_tax-product_admin":[3821,2055],"product_brand":[],"product_cat":[3620,4473],"product_tag":[2058],"class_list":{"0":"post-496393","1":"product","2":"type-product","3":"status-publish","4":"has-post-thumbnail","6":"product_cat-facades-fr","7":"product_cat-facades-historiques-primaire","8":"product_tag-pode-max-fr","10":"first","11":"instock","12":"taxable","13":"shipping-taxable","14":"purchasable","15":"product-type-variable"},"acf":[],"_links":{"self":[{"href":"https:\/\/barbot.pt\/fr\/wp-json\/wp\/v2\/product\/496393","targetHints":{"allow":["GET"]}}],"collection":[{"href":"https:\/\/barbot.pt\/fr\/wp-json\/wp\/v2\/product"}],"about":[{"href":"https:\/\/barbot.pt\/fr\/wp-json\/wp\/v2\/types\/product"}],"wp:featuredmedia":[{"embeddable":true,"href":"https:\/\/barbot.pt\/fr\/wp-json\/wp\/v2\/media\/481556"}],"wp:attachment":[{"href":"https:\/\/barbot.pt\/fr\/wp-json\/wp\/v2\/media?parent=496393"}],"wp:term":[{"taxonomy":"n_product_tax-product_admin","embeddable":true,"href":"https:\/\/barbot.pt\/fr\/wp-json\/wp\/v2\/n_product_tax-product_admin?post=496393"},{"taxonomy":"product_brand","embeddable":true,"href":"https:\/\/barbot.pt\/fr\/wp-json\/wp\/v2\/product_brand?post=496393"},{"taxonomy":"product_cat","embeddable":true,"href":"https:\/\/barbot.pt\/fr\/wp-json\/wp\/v2\/product_cat?post=496393"},{"taxonomy":"product_tag","embeddable":true,"href":"https:\/\/barbot.pt\/fr\/wp-json\/wp\/v2\/product_tag?post=496393"}],"curies":[{"name":"wp","href":"https:\/\/api.w.org\/{rel}","templated":true}]}}