{"id":486869,"date":"2024-02-16T23:54:41","date_gmt":"2024-02-16T23:54:41","guid":{"rendered":"https:\/\/barbot.pt\/produto\/barbolux-acetinado\/"},"modified":"2025-07-17T10:14:41","modified_gmt":"2025-07-17T09:14:41","slug":"barbolux-acetinado","status":"publish","type":"product","link":"https:\/\/barbot.pt\/fr\/produit\/barbolux-acetinado\/","title":{"rendered":"Barbolux Satin"},"content":{"rendered":"<p>Cet \u00e9mail au solvant de haute qualit\u00e9 garantit toujours une finition irr\u00e9prochable \u00e0 vos bois et m\u00e9taux ext\u00e9rieurs.<\/p>\n<ul>\n<li>Satin\u00e9. \u00c9galement disponible en brillant et mat&nbsp;; <\/li>\n<li>Excellente r\u00e9sistance \u00e0 l\u2019ext\u00e9rieur, r\u00e9tention de la couleur et de la brillance&nbsp;;<\/li>\n<li>Bon laquage et couverture&nbsp;;<\/li>\n<li>Disponible dans toutes les couleurs&nbsp;;<\/li>\n<li>Il ne jaunit pas&nbsp;;<\/li>\n<\/ul>\n<p>Cet \u00e9mail \u00e0 solvant est con\u00e7u pour r\u00e9sister aux \u00e9l\u00e9ments les plus durs, assurant une beaut\u00e9 et une protection durables.<\/p>\n","protected":false},"excerpt":{"rendered":"<p>\u00c9mail synth\u00e9tique de haute qualit\u00e9 pour la protection et la d\u00e9coration des bois et des m\u00e9taux, \u00e0 l\u2019ext\u00e9rieur et \u00e0 l\u2019int\u00e9rieur.<\/p>\n","protected":false},"featured_media":481528,"template":"","meta":{"_acf_changed":false,"_seopress_robots_primary_cat":"none","_seopress_titles_title":"%%post_title%% %%sep%% %%sitetitle%%","_seopress_titles_desc":"\u00c9mail synth\u00e9tique de haute qualit\u00e9 pour la protection et la d\u00e9coration des bois et des m\u00e9taux, \u00e0 l\u2019ext\u00e9rieur et \u00e0 l\u2019int\u00e9rieur.","_seopress_robots_index":""},"n_product_tax-product_admin":[2055,3918],"product_brand":[],"product_cat":[4412,3626],"product_tag":[2058],"class_list":{"0":"post-486869","1":"product","2":"type-product","3":"status-publish","4":"has-post-thumbnail","6":"product_cat-emaux-finition","7":"product_cat-menuiserie-et-metallerie","8":"product_tag-pode-max-fr","10":"first","11":"instock","12":"taxable","13":"shipping-taxable","14":"purchasable","15":"product-type-variable"},"acf":[],"_links":{"self":[{"href":"https:\/\/barbot.pt\/fr\/wp-json\/wp\/v2\/product\/486869","targetHints":{"allow":["GET"]}}],"collection":[{"href":"https:\/\/barbot.pt\/fr\/wp-json\/wp\/v2\/product"}],"about":[{"href":"https:\/\/barbot.pt\/fr\/wp-json\/wp\/v2\/types\/product"}],"wp:featuredmedia":[{"embeddable":true,"href":"https:\/\/barbot.pt\/fr\/wp-json\/wp\/v2\/media\/481528"}],"wp:attachment":[{"href":"https:\/\/barbot.pt\/fr\/wp-json\/wp\/v2\/media?parent=486869"}],"wp:term":[{"taxonomy":"n_product_tax-product_admin","embeddable":true,"href":"https:\/\/barbot.pt\/fr\/wp-json\/wp\/v2\/n_product_tax-product_admin?post=486869"},{"taxonomy":"product_brand","embeddable":true,"href":"https:\/\/barbot.pt\/fr\/wp-json\/wp\/v2\/product_brand?post=486869"},{"taxonomy":"product_cat","embeddable":true,"href":"https:\/\/barbot.pt\/fr\/wp-json\/wp\/v2\/product_cat?post=486869"},{"taxonomy":"product_tag","embeddable":true,"href":"https:\/\/barbot.pt\/fr\/wp-json\/wp\/v2\/product_tag?post=486869"}],"curies":[{"name":"wp","href":"https:\/\/api.w.org\/{rel}","templated":true}]}}