{"id":485912,"date":"2024-02-20T15:22:27","date_gmt":"2024-02-20T15:22:27","guid":{"rendered":"https:\/\/barbot.pt\/produto\/btherm-rf\/"},"modified":"2025-07-17T10:02:27","modified_gmt":"2025-07-17T09:02:27","slug":"btherm-rf","status":"publish","type":"product","link":"https:\/\/barbot.pt\/fr\/produit\/btherm-rf\/","title":{"rendered":"Btherm RF"},"content":{"rendered":"","protected":false},"excerpt":{"rendered":"<p>Appr\u00eat r\u00e9gulateur de fond recommand\u00e9 pour les syst\u00e8mes Barbotherm et Barbot Restoration System.<\/p>\n","protected":false},"featured_media":481542,"template":"","meta":{"_acf_changed":false,"_seopress_robots_primary_cat":"none","_seopress_titles_title":"%%post_title%% %%sep%% %%sitetitle%%","_seopress_titles_desc":"Appr\u00eat r\u00e9gulateur de fond recommand\u00e9 pour les syst\u00e8mes Barbotherm et Barbot Restoration System.","_seopress_robots_index":""},"n_product_tax-product_admin":[3822,2055,3918],"product_brand":[],"product_cat":[3620,3920],"product_tag":[2558],"class_list":{"0":"post-485912","1":"product","2":"type-product","3":"status-publish","4":"has-post-thumbnail","6":"product_cat-facades-fr","7":"product_cat-isolation-thermique-primaire","8":"product_tag-calculator-no-fr","10":"first","11":"instock","12":"taxable","13":"shipping-taxable","14":"purchasable","15":"product-type-variable"},"acf":[],"_links":{"self":[{"href":"https:\/\/barbot.pt\/fr\/wp-json\/wp\/v2\/product\/485912","targetHints":{"allow":["GET"]}}],"collection":[{"href":"https:\/\/barbot.pt\/fr\/wp-json\/wp\/v2\/product"}],"about":[{"href":"https:\/\/barbot.pt\/fr\/wp-json\/wp\/v2\/types\/product"}],"wp:featuredmedia":[{"embeddable":true,"href":"https:\/\/barbot.pt\/fr\/wp-json\/wp\/v2\/media\/481542"}],"wp:attachment":[{"href":"https:\/\/barbot.pt\/fr\/wp-json\/wp\/v2\/media?parent=485912"}],"wp:term":[{"taxonomy":"n_product_tax-product_admin","embeddable":true,"href":"https:\/\/barbot.pt\/fr\/wp-json\/wp\/v2\/n_product_tax-product_admin?post=485912"},{"taxonomy":"product_brand","embeddable":true,"href":"https:\/\/barbot.pt\/fr\/wp-json\/wp\/v2\/product_brand?post=485912"},{"taxonomy":"product_cat","embeddable":true,"href":"https:\/\/barbot.pt\/fr\/wp-json\/wp\/v2\/product_cat?post=485912"},{"taxonomy":"product_tag","embeddable":true,"href":"https:\/\/barbot.pt\/fr\/wp-json\/wp\/v2\/product_tag?post=485912"}],"curies":[{"name":"wp","href":"https:\/\/api.w.org\/{rel}","templated":true}]}}