{"id":485908,"date":"2024-02-20T15:22:49","date_gmt":"2024-02-20T15:22:49","guid":{"rendered":"https:\/\/barbot.pt\/produto\/map-f-massa-areada-em-po\/"},"modified":"2025-10-08T11:56:27","modified_gmt":"2025-10-08T10:56:27","slug":"map-f-massa-areada-em-po","status":"publish","type":"product","link":"https:\/\/barbot.pt\/fr\/produit\/map-f-massa-areada-em-po\/","title":{"rendered":"Carte F &#8211; Mastic de sable en poudre"},"content":{"rendered":"","protected":false},"excerpt":{"rendered":"<p>Mortier fibr\u00e9 pour jeu de barres, pour la r\u00e9gularisation et la finition de panneaux isolants ou dans l\u2019ex\u00e9cution de pl\u00e2tre.<\/p>\n","protected":false},"featured_media":481558,"template":"","meta":{"_acf_changed":false,"_seopress_robots_primary_cat":"none","_seopress_titles_title":"%%post_title%% %%sep%% %%sitetitle%%","_seopress_titles_desc":"Argamassa fibrada de barramento, para regulariza\u00e7\u00e3o e acabamento de placas isolantes ou na execu\u00e7\u00e3o de reboco.","_seopress_robots_index":""},"n_product_tax-product_admin":[3822,3821,2055],"product_brand":[],"product_cat":[3620,3832],"product_tag":[2558],"class_list":{"0":"post-485908","1":"product","2":"type-product","3":"status-publish","4":"has-post-thumbnail","6":"product_cat-facades-fr","7":"product_cat-isolation-thermique-mortier","8":"product_tag-calculator-no-fr","10":"first","11":"instock","12":"taxable","13":"shipping-taxable","14":"product-type-simple"},"acf":[],"_links":{"self":[{"href":"https:\/\/barbot.pt\/fr\/wp-json\/wp\/v2\/product\/485908","targetHints":{"allow":["GET"]}}],"collection":[{"href":"https:\/\/barbot.pt\/fr\/wp-json\/wp\/v2\/product"}],"about":[{"href":"https:\/\/barbot.pt\/fr\/wp-json\/wp\/v2\/types\/product"}],"wp:featuredmedia":[{"embeddable":true,"href":"https:\/\/barbot.pt\/fr\/wp-json\/wp\/v2\/media\/481558"}],"wp:attachment":[{"href":"https:\/\/barbot.pt\/fr\/wp-json\/wp\/v2\/media?parent=485908"}],"wp:term":[{"taxonomy":"n_product_tax-product_admin","embeddable":true,"href":"https:\/\/barbot.pt\/fr\/wp-json\/wp\/v2\/n_product_tax-product_admin?post=485908"},{"taxonomy":"product_brand","embeddable":true,"href":"https:\/\/barbot.pt\/fr\/wp-json\/wp\/v2\/product_brand?post=485908"},{"taxonomy":"product_cat","embeddable":true,"href":"https:\/\/barbot.pt\/fr\/wp-json\/wp\/v2\/product_cat?post=485908"},{"taxonomy":"product_tag","embeddable":true,"href":"https:\/\/barbot.pt\/fr\/wp-json\/wp\/v2\/product_tag?post=485908"}],"curies":[{"name":"wp","href":"https:\/\/api.w.org\/{rel}","templated":true}]}}