{"id":485799,"date":"2024-02-29T16:06:57","date_gmt":"2024-02-29T16:06:57","guid":{"rendered":"https:\/\/barbot.pt\/produto\/spray-efeito-fluorescente\/"},"modified":"2024-02-29T16:06:57","modified_gmt":"2024-02-29T16:06:57","slug":"spray-efeito-fluorescente","status":"publish","type":"product","link":"https:\/\/barbot.pt\/fr\/produit\/spray-efeito-fluorescente\/","title":{"rendered":"Spray \u00e0 effet fluorescent"},"content":{"rendered":"","protected":false},"excerpt":{"rendered":"<p>Spray d\u2019\u00e9mail acrylique \u00e0 effet sp\u00e9cial pour une application sur plastique, fer, cuivre, aluminium, etc.<\/p>\n","protected":false},"featured_media":481460,"template":"","meta":{"_acf_changed":false,"_seopress_robots_primary_cat":"","_seopress_titles_title":"%%post_title%% %%sep%% %%sitetitle%%","_seopress_titles_desc":"Spray d\u2019\u00e9mail acrylique \u00e0 effet sp\u00e9cial pour une application sur plastique, fer, cuivre, aluminium, etc.","_seopress_robots_index":""},"n_product_tax-product_admin":[3646],"product_brand":[],"product_cat":[3608,3692],"product_tag":[],"class_list":{"0":"post-485799","1":"product","2":"type-product","3":"status-publish","4":"has-post-thumbnail","6":"product_cat-accessoires","7":"product_cat-sprays-effets-speciaux","9":"first","10":"instock","11":"taxable","12":"shipping-taxable","13":"purchasable","14":"product-type-variable"},"acf":[],"_links":{"self":[{"href":"https:\/\/barbot.pt\/fr\/wp-json\/wp\/v2\/product\/485799","targetHints":{"allow":["GET"]}}],"collection":[{"href":"https:\/\/barbot.pt\/fr\/wp-json\/wp\/v2\/product"}],"about":[{"href":"https:\/\/barbot.pt\/fr\/wp-json\/wp\/v2\/types\/product"}],"wp:featuredmedia":[{"embeddable":true,"href":"https:\/\/barbot.pt\/fr\/wp-json\/wp\/v2\/media\/481460"}],"wp:attachment":[{"href":"https:\/\/barbot.pt\/fr\/wp-json\/wp\/v2\/media?parent=485799"}],"wp:term":[{"taxonomy":"n_product_tax-product_admin","embeddable":true,"href":"https:\/\/barbot.pt\/fr\/wp-json\/wp\/v2\/n_product_tax-product_admin?post=485799"},{"taxonomy":"product_brand","embeddable":true,"href":"https:\/\/barbot.pt\/fr\/wp-json\/wp\/v2\/product_brand?post=485799"},{"taxonomy":"product_cat","embeddable":true,"href":"https:\/\/barbot.pt\/fr\/wp-json\/wp\/v2\/product_cat?post=485799"},{"taxonomy":"product_tag","embeddable":true,"href":"https:\/\/barbot.pt\/fr\/wp-json\/wp\/v2\/product_tag?post=485799"}],"curies":[{"name":"wp","href":"https:\/\/api.w.org\/{rel}","templated":true}]}}