{"id":485789,"date":"2024-02-21T13:30:03","date_gmt":"2024-02-21T13:30:03","guid":{"rendered":"https:\/\/barbot.pt\/produto\/massa-multiplo-uso-ponto-aplicar\/"},"modified":"2024-02-21T13:30:03","modified_gmt":"2024-02-21T13:30:03","slug":"massa-multiplo-uso-ponto-aplicar","status":"publish","type":"product","link":"https:\/\/barbot.pt\/fr\/produit\/massa-multiplo-uso-ponto-aplicar\/","title":{"rendered":"Utilisation multiple en masse (point d\u2019application)"},"content":{"rendered":"","protected":false},"excerpt":{"rendered":"<p>Mastic \u00e0 appliquer sur les murs, le b\u00e9ton, la c\u00e9ramique, le bois, la pierre, le li\u00e8ge, etc. (pr\u00eat \u00e0 appliquer).<\/p>\n","protected":false},"featured_media":481451,"template":"","meta":{"_acf_changed":false,"_seopress_robots_primary_cat":"none","_seopress_titles_title":"%%post_title%% %%sep%% %%sitetitle%%","_seopress_titles_desc":"Mastic \u00e0 appliquer sur les murs, le b\u00e9ton, la c\u00e9ramique, le bois, la pierre, le li\u00e8ge, etc. (pr\u00eat \u00e0 appliquer).","_seopress_robots_index":""},"n_product_tax-product_admin":[3646],"product_brand":[],"product_cat":[3608,3649],"product_tag":[],"class_list":{"0":"post-485789","1":"product","2":"type-product","3":"status-publish","4":"has-post-thumbnail","6":"product_cat-accessoires","7":"product_cat-materiel-de-preparation-pates","9":"first","10":"instock","11":"taxable","12":"shipping-taxable","13":"purchasable","14":"product-type-variable"},"acf":[],"_links":{"self":[{"href":"https:\/\/barbot.pt\/fr\/wp-json\/wp\/v2\/product\/485789","targetHints":{"allow":["GET"]}}],"collection":[{"href":"https:\/\/barbot.pt\/fr\/wp-json\/wp\/v2\/product"}],"about":[{"href":"https:\/\/barbot.pt\/fr\/wp-json\/wp\/v2\/types\/product"}],"wp:featuredmedia":[{"embeddable":true,"href":"https:\/\/barbot.pt\/fr\/wp-json\/wp\/v2\/media\/481451"}],"wp:attachment":[{"href":"https:\/\/barbot.pt\/fr\/wp-json\/wp\/v2\/media?parent=485789"}],"wp:term":[{"taxonomy":"n_product_tax-product_admin","embeddable":true,"href":"https:\/\/barbot.pt\/fr\/wp-json\/wp\/v2\/n_product_tax-product_admin?post=485789"},{"taxonomy":"product_brand","embeddable":true,"href":"https:\/\/barbot.pt\/fr\/wp-json\/wp\/v2\/product_brand?post=485789"},{"taxonomy":"product_cat","embeddable":true,"href":"https:\/\/barbot.pt\/fr\/wp-json\/wp\/v2\/product_cat?post=485789"},{"taxonomy":"product_tag","embeddable":true,"href":"https:\/\/barbot.pt\/fr\/wp-json\/wp\/v2\/product_tag?post=485789"}],"curies":[{"name":"wp","href":"https:\/\/api.w.org\/{rel}","templated":true}]}}