{"id":485774,"date":"2024-02-20T15:23:02","date_gmt":"2024-02-20T15:23:02","guid":{"rendered":"https:\/\/barbot.pt\/produto\/massa-barbotherm-plus\/"},"modified":"2024-02-20T15:23:02","modified_gmt":"2024-02-20T15:23:02","slug":"massa-barbotherm-plus","status":"publish","type":"product","link":"https:\/\/barbot.pt\/fr\/produit\/massa-barbotherm-plus\/","title":{"rendered":"P\u00e2tes Barbotherm Plus"},"content":{"rendered":"","protected":false},"excerpt":{"rendered":"<p>P\u00e2te de collage et liage de panneaux isolants sur des surfaces non absorbantes (\u00e9maill\u00e9es) et absorbantes (ciment, enduit, b\u00e9ton).<\/p>\n","protected":false},"featured_media":481552,"template":"","meta":{"_acf_changed":false,"_seopress_robots_primary_cat":"none","_seopress_titles_title":"%%post_title%% %%sep%% %%sitetitle%%","_seopress_titles_desc":"P\u00e2te de collage et liage de panneaux isolants sur des surfaces non absorbantes (\u00e9maill\u00e9es) et absorbantes (ciment, enduit, b\u00e9ton).","_seopress_robots_index":""},"n_product_tax-product_admin":[3822,3821,2055],"product_brand":[],"product_cat":[3620,3832],"product_tag":[2558],"class_list":{"0":"post-485774","1":"product","2":"type-product","3":"status-publish","4":"has-post-thumbnail","6":"product_cat-facades-fr","7":"product_cat-isolation-thermique-mortier","8":"product_tag-calculator-no-fr","10":"first","11":"instock","12":"taxable","13":"shipping-taxable","14":"purchasable","15":"product-type-variable"},"acf":[],"_links":{"self":[{"href":"https:\/\/barbot.pt\/fr\/wp-json\/wp\/v2\/product\/485774","targetHints":{"allow":["GET"]}}],"collection":[{"href":"https:\/\/barbot.pt\/fr\/wp-json\/wp\/v2\/product"}],"about":[{"href":"https:\/\/barbot.pt\/fr\/wp-json\/wp\/v2\/types\/product"}],"wp:featuredmedia":[{"embeddable":true,"href":"https:\/\/barbot.pt\/fr\/wp-json\/wp\/v2\/media\/481552"}],"wp:attachment":[{"href":"https:\/\/barbot.pt\/fr\/wp-json\/wp\/v2\/media?parent=485774"}],"wp:term":[{"taxonomy":"n_product_tax-product_admin","embeddable":true,"href":"https:\/\/barbot.pt\/fr\/wp-json\/wp\/v2\/n_product_tax-product_admin?post=485774"},{"taxonomy":"product_brand","embeddable":true,"href":"https:\/\/barbot.pt\/fr\/wp-json\/wp\/v2\/product_brand?post=485774"},{"taxonomy":"product_cat","embeddable":true,"href":"https:\/\/barbot.pt\/fr\/wp-json\/wp\/v2\/product_cat?post=485774"},{"taxonomy":"product_tag","embeddable":true,"href":"https:\/\/barbot.pt\/fr\/wp-json\/wp\/v2\/product_tag?post=485774"}],"curies":[{"name":"wp","href":"https:\/\/api.w.org\/{rel}","templated":true}]}}