{"id":485700,"date":"2024-04-18T01:27:57","date_gmt":"2024-04-18T00:27:57","guid":{"rendered":"https:\/\/barbot.pt\/produto\/esponjas-citec\/"},"modified":"2024-04-18T01:27:57","modified_gmt":"2024-04-18T00:27:57","slug":"esponjas-citec","status":"publish","type":"product","link":"https:\/\/barbot.pt\/fr\/produit\/esponjas-citec\/","title":{"rendered":"\u00c9ponges Citec"},"content":{"rendered":"","protected":false},"excerpt":{"rendered":"<p>\u00c9ponges de pon\u00e7age pour le bois, les m\u00e9taux, les plastiques et les murs.<\/p>\n","protected":false},"featured_media":481440,"template":"","meta":{"_acf_changed":false,"_seopress_robots_primary_cat":"none","_seopress_titles_title":"%%post_title%% %%sep%% %%sitetitle%%","_seopress_titles_desc":"\u00c9ponges de pon\u00e7age pour le bois, les m\u00e9taux, les plastiques et les murs.","_seopress_robots_index":""},"n_product_tax-product_admin":[3646],"product_brand":[],"product_cat":[3608,3736],"product_tag":[2560],"class_list":{"0":"post-485700","1":"product","2":"type-product","3":"status-publish","4":"has-post-thumbnail","6":"product_cat-accessoires","7":"product_cat-materiaux-de-preparation-abrasifs","8":"product_tag-cristiana-da-costa-fr","10":"first","11":"instock","12":"taxable","13":"shipping-taxable","14":"purchasable","15":"product-type-variable"},"acf":[],"_links":{"self":[{"href":"https:\/\/barbot.pt\/fr\/wp-json\/wp\/v2\/product\/485700","targetHints":{"allow":["GET"]}}],"collection":[{"href":"https:\/\/barbot.pt\/fr\/wp-json\/wp\/v2\/product"}],"about":[{"href":"https:\/\/barbot.pt\/fr\/wp-json\/wp\/v2\/types\/product"}],"wp:featuredmedia":[{"embeddable":true,"href":"https:\/\/barbot.pt\/fr\/wp-json\/wp\/v2\/media\/481440"}],"wp:attachment":[{"href":"https:\/\/barbot.pt\/fr\/wp-json\/wp\/v2\/media?parent=485700"}],"wp:term":[{"taxonomy":"n_product_tax-product_admin","embeddable":true,"href":"https:\/\/barbot.pt\/fr\/wp-json\/wp\/v2\/n_product_tax-product_admin?post=485700"},{"taxonomy":"product_brand","embeddable":true,"href":"https:\/\/barbot.pt\/fr\/wp-json\/wp\/v2\/product_brand?post=485700"},{"taxonomy":"product_cat","embeddable":true,"href":"https:\/\/barbot.pt\/fr\/wp-json\/wp\/v2\/product_cat?post=485700"},{"taxonomy":"product_tag","embeddable":true,"href":"https:\/\/barbot.pt\/fr\/wp-json\/wp\/v2\/product_tag?post=485700"}],"curies":[{"name":"wp","href":"https:\/\/api.w.org\/{rel}","templated":true}]}}