{"id":485593,"date":"2024-04-18T01:28:00","date_gmt":"2024-04-18T00:28:00","guid":{"rendered":"https:\/\/barbot.pt\/produto\/cola-e-veda-flexpro-pu-811\/"},"modified":"2024-04-18T01:28:00","modified_gmt":"2024-04-18T00:28:00","slug":"cola-e-veda-flexpro-pu-811","status":"publish","type":"product","link":"https:\/\/barbot.pt\/fr\/produit\/cola-e-veda-flexpro-pu-811\/","title":{"rendered":"Flexpro PU 811 Colle et scellant"},"content":{"rendered":"","protected":false},"excerpt":{"rendered":"<p>Mastic polyur\u00e9thane de nouvelle g\u00e9n\u00e9ration destin\u00e9 \u00e0 tous les types de collages, joints et joints de dilatation \u00e0 haute \u00e9lasticit\u00e9 et sans retrait.<\/p>\n","protected":false},"featured_media":481485,"template":"","meta":{"_acf_changed":false,"_seopress_robots_primary_cat":"none","_seopress_titles_title":"%%post_title%% %%sep%% %%sitetitle%%","_seopress_titles_desc":"Mastic polyur\u00e9thane de nouvelle g\u00e9n\u00e9ration destin\u00e9 \u00e0 tous les types de collages, joints et joints de dilatation \u00e0 haute \u00e9lasticit\u00e9 et sans retrait.","_seopress_robots_index":""},"n_product_tax-product_admin":[3646],"product_brand":[],"product_cat":[3608,3663],"product_tag":[],"class_list":{"0":"post-485593","1":"product","2":"type-product","3":"status-publish","4":"has-post-thumbnail","6":"product_cat-accessoires","7":"product_cat-materiaux-de-preparation-mastics","9":"first","10":"instock","11":"taxable","12":"shipping-taxable","13":"purchasable","14":"product-type-variable"},"acf":[],"_links":{"self":[{"href":"https:\/\/barbot.pt\/fr\/wp-json\/wp\/v2\/product\/485593","targetHints":{"allow":["GET"]}}],"collection":[{"href":"https:\/\/barbot.pt\/fr\/wp-json\/wp\/v2\/product"}],"about":[{"href":"https:\/\/barbot.pt\/fr\/wp-json\/wp\/v2\/types\/product"}],"wp:featuredmedia":[{"embeddable":true,"href":"https:\/\/barbot.pt\/fr\/wp-json\/wp\/v2\/media\/481485"}],"wp:attachment":[{"href":"https:\/\/barbot.pt\/fr\/wp-json\/wp\/v2\/media?parent=485593"}],"wp:term":[{"taxonomy":"n_product_tax-product_admin","embeddable":true,"href":"https:\/\/barbot.pt\/fr\/wp-json\/wp\/v2\/n_product_tax-product_admin?post=485593"},{"taxonomy":"product_brand","embeddable":true,"href":"https:\/\/barbot.pt\/fr\/wp-json\/wp\/v2\/product_brand?post=485593"},{"taxonomy":"product_cat","embeddable":true,"href":"https:\/\/barbot.pt\/fr\/wp-json\/wp\/v2\/product_cat?post=485593"},{"taxonomy":"product_tag","embeddable":true,"href":"https:\/\/barbot.pt\/fr\/wp-json\/wp\/v2\/product_tag?post=485593"}],"curies":[{"name":"wp","href":"https:\/\/api.w.org\/{rel}","templated":true}]}}