{"id":485440,"date":"2024-04-18T01:31:06","date_gmt":"2024-04-18T00:31:06","guid":{"rendered":"https:\/\/barbot.pt\/produto\/spray-efeito-cromado-ouro\/"},"modified":"2024-04-18T01:31:06","modified_gmt":"2024-04-18T00:31:06","slug":"spray-efeito-cromado-ouro","status":"publish","type":"product","link":"https:\/\/barbot.pt\/fr\/produit\/spray-efeito-cromado-ouro\/","title":{"rendered":"Spray effet chrome dor\u00e9"},"content":{"rendered":"","protected":false},"excerpt":{"rendered":"<p>Spray d\u2019\u00e9mail acrylique \u00e0 effet sp\u00e9cial pour une application sur plastique, fer, cuivre, aluminium, etc.<\/p>\n","protected":false},"featured_media":481460,"template":"","meta":{"_acf_changed":false,"_seopress_robots_primary_cat":"none","_seopress_titles_title":"%%post_title%% %%sep%% %%sitetitle%%","_seopress_titles_desc":"Spray d\u2019\u00e9mail acrylique \u00e0 effet sp\u00e9cial pour une application sur plastique, fer, cuivre, aluminium, etc.","_seopress_robots_index":""},"n_product_tax-product_admin":[3646],"product_brand":[],"product_cat":[3608,3692],"product_tag":[],"class_list":{"0":"post-485440","1":"product","2":"type-product","3":"status-publish","4":"has-post-thumbnail","6":"product_cat-accessoires","7":"product_cat-sprays-effets-speciaux","9":"first","10":"instock","11":"taxable","12":"shipping-taxable","13":"purchasable","14":"product-type-variable"},"acf":[],"_links":{"self":[{"href":"https:\/\/barbot.pt\/fr\/wp-json\/wp\/v2\/product\/485440","targetHints":{"allow":["GET"]}}],"collection":[{"href":"https:\/\/barbot.pt\/fr\/wp-json\/wp\/v2\/product"}],"about":[{"href":"https:\/\/barbot.pt\/fr\/wp-json\/wp\/v2\/types\/product"}],"wp:featuredmedia":[{"embeddable":true,"href":"https:\/\/barbot.pt\/fr\/wp-json\/wp\/v2\/media\/481460"}],"wp:attachment":[{"href":"https:\/\/barbot.pt\/fr\/wp-json\/wp\/v2\/media?parent=485440"}],"wp:term":[{"taxonomy":"n_product_tax-product_admin","embeddable":true,"href":"https:\/\/barbot.pt\/fr\/wp-json\/wp\/v2\/n_product_tax-product_admin?post=485440"},{"taxonomy":"product_brand","embeddable":true,"href":"https:\/\/barbot.pt\/fr\/wp-json\/wp\/v2\/product_brand?post=485440"},{"taxonomy":"product_cat","embeddable":true,"href":"https:\/\/barbot.pt\/fr\/wp-json\/wp\/v2\/product_cat?post=485440"},{"taxonomy":"product_tag","embeddable":true,"href":"https:\/\/barbot.pt\/fr\/wp-json\/wp\/v2\/product_tag?post=485440"}],"curies":[{"name":"wp","href":"https:\/\/api.w.org\/{rel}","templated":true}]}}