{"id":485368,"date":"2024-04-18T01:34:49","date_gmt":"2024-04-18T00:34:49","guid":{"rendered":"https:\/\/barbot.pt\/produto\/massa-impermeavel-em-po\/"},"modified":"2024-04-18T01:34:49","modified_gmt":"2024-04-18T00:34:49","slug":"massa-impermeavel-em-po","status":"publish","type":"product","link":"https:\/\/barbot.pt\/fr\/produit\/massa-impermeavel-em-po\/","title":{"rendered":"Mastic imperm\u00e9able (poudre)"},"content":{"rendered":"","protected":false},"excerpt":{"rendered":"<p>Mastic \u00e0 appliquer sur les fa\u00e7ades ext\u00e9rieures, les joints de carrelage, etc. (poudre).<\/p>\n","protected":false},"featured_media":481450,"template":"","meta":{"_acf_changed":false,"_seopress_robots_primary_cat":"none","_seopress_titles_title":"%%post_title%% %%sep%% %%sitetitle%%","_seopress_titles_desc":"Mastic \u00e0 appliquer sur les fa\u00e7ades ext\u00e9rieures, les joints de carrelage, etc. (poudre).","_seopress_robots_index":""},"n_product_tax-product_admin":[3646],"product_brand":[],"product_cat":[3608,3649],"product_tag":[],"class_list":{"0":"post-485368","1":"product","2":"type-product","3":"status-publish","4":"has-post-thumbnail","6":"product_cat-accessoires","7":"product_cat-materiel-de-preparation-pates","9":"first","10":"instock","11":"taxable","12":"shipping-taxable","13":"purchasable","14":"product-type-variable"},"acf":[],"_links":{"self":[{"href":"https:\/\/barbot.pt\/fr\/wp-json\/wp\/v2\/product\/485368","targetHints":{"allow":["GET"]}}],"collection":[{"href":"https:\/\/barbot.pt\/fr\/wp-json\/wp\/v2\/product"}],"about":[{"href":"https:\/\/barbot.pt\/fr\/wp-json\/wp\/v2\/types\/product"}],"wp:featuredmedia":[{"embeddable":true,"href":"https:\/\/barbot.pt\/fr\/wp-json\/wp\/v2\/media\/481450"}],"wp:attachment":[{"href":"https:\/\/barbot.pt\/fr\/wp-json\/wp\/v2\/media?parent=485368"}],"wp:term":[{"taxonomy":"n_product_tax-product_admin","embeddable":true,"href":"https:\/\/barbot.pt\/fr\/wp-json\/wp\/v2\/n_product_tax-product_admin?post=485368"},{"taxonomy":"product_brand","embeddable":true,"href":"https:\/\/barbot.pt\/fr\/wp-json\/wp\/v2\/product_brand?post=485368"},{"taxonomy":"product_cat","embeddable":true,"href":"https:\/\/barbot.pt\/fr\/wp-json\/wp\/v2\/product_cat?post=485368"},{"taxonomy":"product_tag","embeddable":true,"href":"https:\/\/barbot.pt\/fr\/wp-json\/wp\/v2\/product_tag?post=485368"}],"curies":[{"name":"wp","href":"https:\/\/api.w.org\/{rel}","templated":true}]}}