{"id":478276,"date":"2024-06-11T14:41:55","date_gmt":"2024-06-11T13:41:55","guid":{"rendered":"https:\/\/barbot.pt\/devolucoes-e-trocas-2\/"},"modified":"2025-07-06T20:34:28","modified_gmt":"2025-07-06T19:34:28","slug":"retours-et-echanges","status":"publish","type":"page","link":"https:\/\/barbot.pt\/fr\/devolucoes-e-trocas-2\/","title":{"rendered":"Retours et \u00e9changes"},"content":{"rendered":"\t\t<div data-elementor-type=\"wp-page\" data-elementor-id=\"478276\" class=\"elementor elementor-478276 elementor-434318\" data-elementor-post-type=\"page\">\n\t\t\t\t<div class=\"wd-negative-gap elementor-element elementor-element-7f2dc84 e-flex e-con-boxed e-con e-parent\" data-id=\"7f2dc84\" data-element_type=\"container\">\n\t\t\t\t\t<div class=\"e-con-inner\">\n\t\t\t\t<div class=\"elementor-element elementor-element-0423da7 elementor-widget elementor-widget-template\" data-id=\"0423da7\" data-element_type=\"widget\" data-widget_type=\"template.default\">\n\t\t\t\t<div class=\"elementor-widget-container\">\n\t\t\t\t\t\t\t<div class=\"elementor-template\">\n\t\t\t\t\t<div data-elementor-type=\"container\" data-elementor-id=\"478198\" class=\"elementor elementor-478198 elementor-1462\" data-elementor-post-type=\"elementor_library\">\n\t\t\t\t<div class=\"wd-negative-gap elementor-element elementor-element-590b0920 wd-section-stretch n_title e-flex e-con-boxed e-con e-parent\" data-id=\"590b0920\" data-element_type=\"container\" data-settings=\"{&quot;background_background&quot;:&quot;classic&quot;}\">\n\t\t\t\t\t<div class=\"e-con-inner\">\n\t\t<div class=\"wd-negative-gap elementor-element elementor-element-59bb3b3e e-flex e-con-boxed e-con e-child\" data-id=\"59bb3b3e\" data-element_type=\"container\">\n\t\t\t\t\t<div class=\"e-con-inner\">\n\t\t\t\t<div class=\"elementor-element elementor-element-20b9d1f4 elementor-widget elementor-widget-heading\" data-id=\"20b9d1f4\" data-element_type=\"widget\" data-widget_type=\"heading.default\">\n\t\t\t\t<div class=\"elementor-widget-container\">\n\t\t\t\t\t<h1 class=\"elementor-heading-title elementor-size-default\">Retours et \u00e9changes<\/h1>\t\t\t\t<\/div>\n\t\t\t\t<\/div>\n\t\t\t\t\t<\/div>\n\t\t\t\t<\/div>\n\t\t\t\t\t<\/div>\n\t\t\t\t<\/div>\n\t\t\t\t<\/div>\n\t\t\t\t<\/div>\n\t\t\t\t\t\t<\/div>\n\t\t\t\t<\/div>\n\t\t\t\t\t<\/div>\n\t\t\t\t<\/div>\n\t\t<div class=\"wd-negative-gap elementor-element elementor-element-97d5043 e-flex e-con-boxed e-con e-parent\" data-id=\"97d5043\" data-element_type=\"container\">\n\t\t\t\t\t<div class=\"e-con-inner\">\n\t\t\t\t<div class=\"elementor-element elementor-element-ddd1b79 elementor-nav-menu--dropdown-none elementor-widget elementor-widget-nav-menu\" data-id=\"ddd1b79\" data-element_type=\"widget\" data-settings=\"{&quot;layout&quot;:&quot;horizontal&quot;,&quot;submenu_icon&quot;:{&quot;value&quot;:&quot;&lt;svg class=\\&quot;e-font-icon-svg e-fas-caret-down\\&quot; viewBox=\\&quot;0 0 320 512\\&quot; xmlns=\\&quot;http:\\\/\\\/www.w3.org\\\/2000\\\/svg\\&quot;&gt;&lt;path d=\\&quot;M31.3 192h257.3c17.8 0 26.7 21.5 14.1 34.1L174.1 354.8c-7.8 7.8-20.5 7.8-28.3 0L17.2 226.1C4.6 213.5 13.5 192 31.3 192z\\&quot;&gt;&lt;\\\/path&gt;&lt;\\\/svg&gt;&quot;,&quot;library&quot;:&quot;fa-solid&quot;}}\" data-widget_type=\"nav-menu.default\">\n\t\t\t\t<div class=\"elementor-widget-container\">\n\t\t\t\t\t\t\t\t<nav aria-label=\"Menu\" class=\"elementor-nav-menu--main elementor-nav-menu__container elementor-nav-menu--layout-horizontal e--pointer-underline e--animation-fade\">\n\t\t\t\t<ul id=\"menu-1-ddd1b79\" class=\"elementor-nav-menu\"><li class=\"menu-item menu-item-type-post_type menu-item-object-page menu-item-482620\"><a href=\"https:\/\/barbot.pt\/fr\/service-a-la-clientele\/\" class=\"elementor-item\">Service \u00e0 la client\u00e8le<\/a><\/li>\n<li class=\"menu-item menu-item-type-post_type menu-item-object-page menu-item-482621\"><a href=\"https:\/\/barbot.pt\/fr\/glossario\/\" class=\"elementor-item\">Glossaire<\/a><\/li>\n<li class=\"menu-item menu-item-type-post_type menu-item-object-page menu-item-482622\"><a href=\"https:\/\/barbot.pt\/fr\/questions-sur-lencre\/\" class=\"elementor-item\">Questions sur la peinture<\/a><\/li>\n<li class=\"menu-item menu-item-type-post_type menu-item-object-page menu-item-482623\"><a href=\"https:\/\/barbot.pt\/fr\/devolucoes-e-trocas-2\/\" class=\"elementor-item\">Retours et \u00e9changes<\/a><\/li>\n<\/ul>\t\t\t<\/nav>\n\t\t\t\t\t\t<nav class=\"elementor-nav-menu--dropdown elementor-nav-menu__container\" aria-hidden=\"true\">\n\t\t\t\t<ul id=\"menu-2-ddd1b79\" class=\"elementor-nav-menu\"><li class=\"menu-item menu-item-type-post_type menu-item-object-page menu-item-482620\"><a href=\"https:\/\/barbot.pt\/fr\/service-a-la-clientele\/\" class=\"elementor-item\" tabindex=\"-1\">Service \u00e0 la client\u00e8le<\/a><\/li>\n<li class=\"menu-item menu-item-type-post_type menu-item-object-page menu-item-482621\"><a href=\"https:\/\/barbot.pt\/fr\/glossario\/\" class=\"elementor-item\" tabindex=\"-1\">Glossaire<\/a><\/li>\n<li class=\"menu-item menu-item-type-post_type menu-item-object-page menu-item-482622\"><a href=\"https:\/\/barbot.pt\/fr\/questions-sur-lencre\/\" class=\"elementor-item\" tabindex=\"-1\">Questions sur la peinture<\/a><\/li>\n<li class=\"menu-item menu-item-type-post_type menu-item-object-page menu-item-482623\"><a href=\"https:\/\/barbot.pt\/fr\/devolucoes-e-trocas-2\/\" class=\"elementor-item\" tabindex=\"-1\">Retours et \u00e9changes<\/a><\/li>\n<\/ul>\t\t\t<\/nav>\n\t\t\t\t\t\t<\/div>\n\t\t\t\t<\/div>\n\t\t\t\t\t<\/div>\n\t\t\t\t<\/div>\n\t\t<div class=\"wd-negative-gap elementor-element elementor-element-51311eb e-flex e-con-boxed e-con e-parent\" data-id=\"51311eb\" data-element_type=\"container\">\n\t\t\t\t\t<div class=\"e-con-inner\">\n\t\t<div class=\"elementor-element elementor-element-e971f82 e-con-full e-flex e-con e-child\" data-id=\"e971f82\" data-element_type=\"container\">\n\t\t\t\t<div class=\"elementor-element elementor-element-9b16ce4 elementor-widget elementor-widget-heading\" data-id=\"9b16ce4\" data-element_type=\"widget\" data-widget_type=\"heading.default\">\n\t\t\t\t<div class=\"elementor-widget-container\">\n\t\t\t\t\t<h3 class=\"elementor-heading-title elementor-size-default\">Processus de retour en 3 \u00e9tapes<\/h3>\t\t\t\t<\/div>\n\t\t\t\t<\/div>\n\t\t\t\t<div class=\"elementor-element elementor-element-b089698 color-scheme-inherit text-left elementor-widget elementor-widget-text-editor\" data-id=\"b089698\" data-element_type=\"widget\" data-widget_type=\"text-editor.default\">\n\t\t\t\t<div class=\"elementor-widget-container\">\n\t\t\t\t\t\t\t\t\t<p><b>\u00c9tape 1 : <\/b>Commencez par remplir le formulaire avec les informations demand\u00e9es.<\/p><p><b>\u00c9tape 2 :<\/b> Un membre de notre \u00e9quipe vous contactera.<\/p><p><b>\u00c9tape 3 :<\/b> Exp\u00e9diez les produits ou passez dans l\u2019un de nos magasins, selon ce qui peut \u00eatre convenu avec un membre de notre \u00e9quipe.<\/p>\t\t\t\t\t\t\t\t<\/div>\n\t\t\t\t<\/div>\n\t\t\t\t<div class=\"elementor-element elementor-element-ac2e050 n_asblog color-scheme-inherit text-left elementor-widget elementor-widget-text-editor\" data-id=\"ac2e050\" data-element_type=\"widget\" data-widget_type=\"text-editor.default\">\n\t\t\t\t<div class=\"elementor-widget-container\">\n\t\t\t\t\t\t\t\t\t<p><strong>Notez que : <br><\/strong>Nous consid\u00e9rons uniquement <b>la couleur blanche<\/b> (001 White) comme sujette \u00e0 retour ou \u00e0 \u00e9change. Toutes les autres couleurs sont adapt\u00e9es \u00e0 vos besoins, m\u00eame si elles figurent dans notre catalogue. <\/p><p>Si vous avez des questions, veuillez vous r\u00e9f\u00e9rer \u00e0 nos <a href=\"https:\/\/barbot.pt\/fr\/termes-et-conditions\/\">conditions g\u00e9n\u00e9rales. <\/a>Vous pouvez \u00e9galement nous contacter via le chat ou le <a href=\"https:\/\/barbot.pt\/fr\/service-a-la-clientele\/\">service<\/a> client.<\/p>\t\t\t\t\t\t\t\t<\/div>\n\t\t\t\t<\/div>\n\t\t\t\t<\/div>\n\t\t<div class=\"elementor-element elementor-element-9edbcf0 e-con-full e-flex e-con e-child\" data-id=\"9edbcf0\" data-element_type=\"container\">\n\t\t\t\t<div class=\"elementor-element elementor-element-ddff65d elementor-button-align-stretch elementor-widget elementor-widget-form\" data-id=\"ddff65d\" data-element_type=\"widget\" data-settings=\"{&quot;step_next_label&quot;:&quot;Prochain&quot;,&quot;step_previous_label&quot;:&quot;Pr\\u00e9c\\u00e9dent&quot;,&quot;button_width&quot;:&quot;50&quot;,&quot;step_type&quot;:&quot;number_text&quot;,&quot;step_icon_shape&quot;:&quot;circle&quot;}\" data-widget_type=\"form.default\">\n\t\t\t\t<div class=\"elementor-widget-container\">\n\t\t\t\t\t<template id=\"cfef_logic_data_ddff65d\" class=\"cfef_logic_data_js\" data-form-id=\"ddff65d\">{&quot;tipo_problema&quot;:{&quot;display_mode&quot;:&quot;show&quot;,&quot;fire_action&quot;:&quot;All&quot;,&quot;file_types&quot;:&quot;png&quot;,&quot;logic_data&quot;:[{&quot;cfef_logic_field_id&quot;:&quot;razao&quot;,&quot;cfef_logic_field_is&quot;:&quot;==&quot;,&quot;cfef_logic_compare_value&quot;:&quot;Raz\\u00e3o: Problema&quot;,&quot;_id&quot;:&quot;d16b407&quot;}]},&quot;field_7a64fdd&quot;:{&quot;display_mode&quot;:&quot;show&quot;,&quot;fire_action&quot;:&quot;All&quot;,&quot;file_types&quot;:&quot;png&quot;,&quot;logic_data&quot;:[{&quot;cfef_logic_field_id&quot;:&quot;recolha&quot;,&quot;cfef_logic_field_is&quot;:&quot;==&quot;,&quot;cfef_logic_compare_value&quot;:&quot;Recolha: Minha Morada&quot;,&quot;_id&quot;:&quot;1613661&quot;}]},&quot;modo_devolucao&quot;:{&quot;display_mode&quot;:&quot;show&quot;,&quot;fire_action&quot;:&quot;All&quot;,&quot;file_types&quot;:&quot;png&quot;,&quot;logic_data&quot;:[{&quot;cfef_logic_field_id&quot;:&quot;razao&quot;,&quot;cfef_logic_field_is&quot;:&quot;!=&quot;,&quot;cfef_logic_compare_value&quot;:&quot;Raz\\u00e3o: Troca por outro produto&quot;,&quot;_id&quot;:&quot;d16b407&quot;}]},&quot;field_34d7e3b&quot;:{&quot;display_mode&quot;:&quot;show&quot;,&quot;fire_action&quot;:&quot;All&quot;,&quot;file_types&quot;:&quot;png&quot;,&quot;logic_data&quot;:[{&quot;cfef_logic_field_id&quot;:&quot;razao&quot;,&quot;cfef_logic_field_is&quot;:&quot;==&quot;,&quot;cfef_logic_compare_value&quot;:&quot;Raz\\u00e3o: Troca por outro produto&quot;,&quot;_id&quot;:&quot;d16b407&quot;}]},&quot;field_ec8d4ff&quot;:{&quot;display_mode&quot;:&quot;show&quot;,&quot;fire_action&quot;:&quot;All&quot;,&quot;file_types&quot;:&quot;png&quot;,&quot;logic_data&quot;:[{&quot;cfef_logic_field_id&quot;:&quot;modo_devolucao&quot;,&quot;cfef_logic_field_is&quot;:&quot;==&quot;,&quot;cfef_logic_compare_value&quot;:&quot;Modo Devolu\\u00e7\\u00e3o: IBAN&quot;,&quot;_id&quot;:&quot;3925159&quot;}]}}<\/template>\t\t<form class=\"elementor-form\" method=\"post\" id=\"form_contactos\" name=\"Service \u00e0 la client\u00e8le\">\n\t\t\t<input type=\"hidden\" name=\"post_id\" value=\"478276\"\/>\n\t\t\t<input type=\"hidden\" name=\"form_id\" value=\"ddff65d\"\/>\n\t\t\t<input type=\"hidden\" name=\"referer_title\" value=\"Retours et \u00e9changesBARBOT\" \/>\n\n\t\t\t\t\t\t\t<input type=\"hidden\" name=\"queried_id\" value=\"478276\"\/>\n\t\t\t\n\t\t\t<div class=\"elementor-form-fields-wrapper elementor-labels-\">\n\t\t\t\t\t\t\t\t<div class=\"elementor-field-type-text elementor-field-group elementor-column elementor-field-group-name elementor-col-50 elementor-field-required\">\n\t\t\t\t\t\t\t\t\t\t\t\t<label for=\"form-field-name\" class=\"elementor-field-label elementor-screen-only\">\n\t\t\t\t\t\t\t\tNom\t\t\t\t\t\t\t<\/label>\n\t\t\t\t\t\t\t\t\t\t\t\t\t\t<input size=\"1\" type=\"text\" name=\"form_fields[name]\" id=\"form-field-name\" class=\"elementor-field elementor-size-sm  elementor-field-textual\" placeholder=\"Nom*\" required=\"required\">\n\t\t\t\t\t\t\t\t\t\t\t<\/div>\n\t\t\t\t\t\t\t\t<div class=\"elementor-field-type-email elementor-field-group elementor-column elementor-field-group-email elementor-col-50 elementor-field-required\">\n\t\t\t\t\t\t\t\t\t\t\t\t<label for=\"form-field-email\" class=\"elementor-field-label elementor-screen-only\">\n\t\t\t\t\t\t\t\tMessagerie \u00e9lectronique\t\t\t\t\t\t\t<\/label>\n\t\t\t\t\t\t\t\t\t\t\t\t\t\t<input size=\"1\" type=\"email\" name=\"form_fields[email]\" id=\"form-field-email\" class=\"elementor-field elementor-size-sm  elementor-field-textual\" placeholder=\"Messagerie \u00e9lectronique*\" required=\"required\">\n\t\t\t\t\t\t\t\t\t\t\t<\/div>\n\t\t\t\t\t\t\t\t<div class=\"elementor-field-type-text elementor-field-group elementor-column elementor-field-group-field_53024e9 elementor-col-50 elementor-field-required\">\n\t\t\t\t\t\t\t\t\t\t\t\t<label for=\"form-field-field_53024e9\" class=\"elementor-field-label elementor-screen-only\">\n\t\t\t\t\t\t\t\tT\u00e9l\u00e9phone\t\t\t\t\t\t\t<\/label>\n\t\t\t\t\t\t\t\t\t\t\t\t\t\t<input size=\"1\" type=\"text\" name=\"form_fields[field_53024e9]\" id=\"form-field-field_53024e9\" class=\"elementor-field elementor-size-sm  elementor-field-textual\" placeholder=\"T\u00e9l\u00e9phone*\" required=\"required\">\n\t\t\t\t\t\t\t\t\t\t\t<\/div>\n\t\t\t\t\t\t\t\t<div class=\"elementor-field-type-text elementor-field-group elementor-column elementor-field-group-field_b19b30b elementor-col-50 elementor-field-required\">\n\t\t\t\t\t\t\t\t\t\t\t\t<label for=\"form-field-field_b19b30b\" class=\"elementor-field-label elementor-screen-only\">\n\t\t\t\t\t\t\t\tLocalit\u00e9\t\t\t\t\t\t\t<\/label>\n\t\t\t\t\t\t\t\t\t\t\t\t\t\t<input size=\"1\" type=\"text\" name=\"form_fields[field_b19b30b]\" id=\"form-field-field_b19b30b\" class=\"elementor-field elementor-size-sm  elementor-field-textual\" placeholder=\"Localit\u00e9*\" required=\"required\">\n\t\t\t\t\t\t\t\t\t\t\t<\/div>\n\t\t\t\t\t\t\t\t<div class=\"elementor-field-type-text elementor-field-group elementor-column elementor-field-group-field_0c0200f elementor-col-50 elementor-field-required\">\n\t\t\t\t\t\t\t\t\t\t\t\t<label for=\"form-field-field_0c0200f\" class=\"elementor-field-label elementor-screen-only\">\n\t\t\t\t\t\t\t\tNum\u00e9ro de commande\t\t\t\t\t\t\t<\/label>\n\t\t\t\t\t\t\t\t\t\t\t\t\t\t<input size=\"1\" type=\"text\" name=\"form_fields[field_0c0200f]\" id=\"form-field-field_0c0200f\" class=\"elementor-field elementor-size-sm  elementor-field-textual\" placeholder=\"Num\u00e9ro de commande*\" required=\"required\">\n\t\t\t\t\t\t\t\t\t\t\t<\/div>\n\t\t\t\t\t\t\t\t<div class=\"elementor-field-type-select elementor-field-group elementor-column elementor-field-group-razao elementor-col-100 elementor-field-required\">\n\t\t\t\t\t\t\t\t\t\t\t\t<label for=\"form-field-razao\" class=\"elementor-field-label elementor-screen-only\">\n\t\t\t\t\t\t\t\tRaison\t\t\t\t\t\t\t<\/label>\n\t\t\t\t\t\t\t\t<div class=\"elementor-field elementor-select-wrapper remove-before \">\n\t\t\t<div class=\"select-caret-down-wrapper\">\n\t\t\t\t<svg aria-hidden=\"true\" class=\"e-font-icon-svg e-eicon-caret-down\" viewBox=\"0 0 571.4 571.4\" xmlns=\"http:\/\/www.w3.org\/2000\/svg\"><path d=\"M571 393Q571 407 561 418L311 668Q300 679 286 679T261 668L11 418Q0 407 0 393T11 368 36 357H536Q550 357 561 368T571 393Z\"><\/path><\/svg>\t\t\t<\/div>\n\t\t\t<select name=\"form_fields[razao]\" id=\"form-field-razao\" class=\"elementor-field-textual elementor-size-sm\" required=\"required\">\n\t\t\t\t\t\t\t\t\t<option value=\"-- Raison --\">-- Raison --<\/option>\n\t\t\t\t\t\t\t\t\t<option value=\"Raison : Retour\">Raison : Retour<\/option>\n\t\t\t\t\t\t\t\t\t<option value=\"Raison : Probl\u00e8me\">Raison : Probl\u00e8me<\/option>\n\t\t\t\t\t\t\t\t\t<option value=\"Raison : \u00c9change contre un autre produit\">Raison : \u00c9change contre un autre produit<\/option>\n\t\t\t\t\t\t\t\t\t<option value=\"Raison : Gratuit R\u00e9solution\">Raison : Gratuit R\u00e9solution<\/option>\n\t\t\t\t\t\t\t<\/select>\n\t\t<\/div>\n\t\t\t\t\t\t<\/div>\n\t\t\t\t\t\t\t\t<div class=\"elementor-field-type-select elementor-field-group elementor-column elementor-field-group-tipo_problema elementor-col-100 elementor-field-required\">\n\t\t\t\t\t\t\t\t\t\t\t\t<label for=\"form-field-tipo_problema\" class=\"elementor-field-label elementor-screen-only\">\n\t\t\t\t\t\t\t\tType de probl\u00e8me\t\t\t\t\t\t\t<\/label>\n\t\t\t\t\t\t\t\t<div class=\"elementor-field elementor-select-wrapper remove-before \">\n\t\t\t<div class=\"select-caret-down-wrapper\">\n\t\t\t\t<svg aria-hidden=\"true\" class=\"e-font-icon-svg e-eicon-caret-down\" viewBox=\"0 0 571.4 571.4\" xmlns=\"http:\/\/www.w3.org\/2000\/svg\"><path d=\"M571 393Q571 407 561 418L311 668Q300 679 286 679T261 668L11 418Q0 407 0 393T11 368 36 357H536Q550 357 561 368T571 393Z\"><\/path><\/svg>\t\t\t<\/div>\n\t\t\t<select name=\"form_fields[tipo_problema]\" id=\"form-field-tipo_problema\" class=\"elementor-field-textual elementor-size-sm\" required=\"required\">\n\t\t\t\t\t\t\t\t\t<option value=\"-- Type Probl\u00e8me --\">-- Type Probl\u00e8me --<\/option>\n\t\t\t\t\t\t\t\t\t<option value=\"Probl\u00e8me&nbsp;: Probl\u00e8mes de\">Probl\u00e8me&nbsp;: Probl\u00e8mes de<\/option>\n\t\t\t\t\t\t\t\t\t<option value=\"couleur Probl\u00e8me&nbsp;: Mauvaise odeur\">couleur Probl\u00e8me&nbsp;: Mauvaise odeur<\/option>\n\t\t\t\t\t\t\t\t\t<option value=\"Probl\u00e8me&nbsp;: Autre\">Probl\u00e8me&nbsp;: Autre<\/option>\n\t\t\t\t\t\t\t<\/select>\n\t\t<\/div>\n\t\t\t\t\t\t<\/div>\n\t\t\t\t\t\t\t\t<div class=\"elementor-field-type-select elementor-field-group elementor-column elementor-field-group-recolha elementor-col-100 elementor-field-required\">\n\t\t\t\t\t\t\t\t\t\t\t\t<label for=\"form-field-recolha\" class=\"elementor-field-label elementor-screen-only\">\n\t\t\t\t\t\t\t\tCollection\t\t\t\t\t\t\t<\/label>\n\t\t\t\t\t\t\t\t<div class=\"elementor-field elementor-select-wrapper remove-before \">\n\t\t\t<div class=\"select-caret-down-wrapper\">\n\t\t\t\t<svg aria-hidden=\"true\" class=\"e-font-icon-svg e-eicon-caret-down\" viewBox=\"0 0 571.4 571.4\" xmlns=\"http:\/\/www.w3.org\/2000\/svg\"><path d=\"M571 393Q571 407 561 418L311 668Q300 679 286 679T261 668L11 418Q0 407 0 393T11 368 36 357H536Q550 357 561 368T571 393Z\"><\/path><\/svg>\t\t\t<\/div>\n\t\t\t<select name=\"form_fields[recolha]\" id=\"form-field-recolha\" class=\"elementor-field-textual elementor-size-sm\" required=\"required\">\n\t\t\t\t\t\t\t\t\t<option value=\"-- Retrait --\">-- Retrait --<\/option>\n\t\t\t\t\t\t\t\t\t<option value=\"Pickup&nbsp;: Mon adresse\">Pickup&nbsp;: Mon adresse<\/option>\n\t\t\t\t\t\t\t\t\t<option value=\"Retrait&nbsp;: Dans un magasin Barbot\">Retrait&nbsp;: Dans un magasin Barbot<\/option>\n\t\t\t\t\t\t\t<\/select>\n\t\t<\/div>\n\t\t\t\t\t\t<\/div>\n\t\t\t\t\t\t\t\t<div class=\"elementor-field-type-textarea elementor-field-group elementor-column elementor-field-group-field_7a64fdd elementor-col-100 elementor-field-required\">\n\t\t\t\t\t\t\t\t\t\t\t\t<label for=\"form-field-field_7a64fdd\" class=\"elementor-field-label elementor-screen-only\">\n\t\t\t\t\t\t\t\tAdresse de retour\t\t\t\t\t\t\t<\/label>\n\t\t\t\t\t\t<textarea class=\"elementor-field-textual elementor-field  elementor-size-sm\" name=\"form_fields[field_7a64fdd]\" id=\"form-field-field_7a64fdd\" rows=\"3\" placeholder=\"Adresse de retour*\" required=\"required\"><\/textarea>\t\t\t\t<\/div>\n\t\t\t\t\t\t\t\t<div class=\"elementor-field-type-select elementor-field-group elementor-column elementor-field-group-modo_devolucao elementor-col-100 elementor-field-required\">\n\t\t\t\t\t\t\t\t\t\t\t\t<label for=\"form-field-modo_devolucao\" class=\"elementor-field-label elementor-screen-only\">\n\t\t\t\t\t\t\t\tMode de retour\t\t\t\t\t\t\t<\/label>\n\t\t\t\t\t\t\t\t<div class=\"elementor-field elementor-select-wrapper remove-before \">\n\t\t\t<div class=\"select-caret-down-wrapper\">\n\t\t\t\t<svg aria-hidden=\"true\" class=\"e-font-icon-svg e-eicon-caret-down\" viewBox=\"0 0 571.4 571.4\" xmlns=\"http:\/\/www.w3.org\/2000\/svg\"><path d=\"M571 393Q571 407 561 418L311 668Q300 679 286 679T261 668L11 418Q0 407 0 393T11 368 36 357H536Q550 357 561 368T571 393Z\"><\/path><\/svg>\t\t\t<\/div>\n\t\t\t<select name=\"form_fields[modo_devolucao]\" id=\"form-field-modo_devolucao\" class=\"elementor-field-textual elementor-size-sm\" required=\"required\">\n\t\t\t\t\t\t\t\t\t<option value=\"-- Mode de retour --Mode de retour\">-- Mode de retour --Mode de retour<\/option>\n\t\t\t\t\t\t\t\t\t<option value=\" : Note de cr\u00e9dit\"> : Note de cr\u00e9dit<\/option>\n\t\t\t\t\t\t\t\t\t<option value=\"Mode de retour : IBAN\">Mode de retour : IBAN<\/option>\n\t\t\t\t\t\t\t<\/select>\n\t\t<\/div>\n\t\t\t\t\t\t<\/div>\n\t\t\t\t\t\t\t\t<div class=\"elementor-field-type-select elementor-field-group elementor-column elementor-field-group-field_34d7e3b elementor-col-100 elementor-field-required\">\n\t\t\t\t\t\t\t\t\t\t\t\t<label for=\"form-field-field_34d7e3b\" class=\"elementor-field-label elementor-screen-only\">\n\t\t\t\t\t\t\t\tMode d\u2019\u00e9change de retour\t\t\t\t\t\t\t<\/label>\n\t\t\t\t\t\t\t\t<div class=\"elementor-field elementor-select-wrapper remove-before \">\n\t\t\t<div class=\"select-caret-down-wrapper\">\n\t\t\t\t<svg aria-hidden=\"true\" class=\"e-font-icon-svg e-eicon-caret-down\" viewBox=\"0 0 571.4 571.4\" xmlns=\"http:\/\/www.w3.org\/2000\/svg\"><path d=\"M571 393Q571 407 561 418L311 668Q300 679 286 679T261 668L11 418Q0 407 0 393T11 368 36 357H536Q550 357 561 368T571 393Z\"><\/path><\/svg>\t\t\t<\/div>\n\t\t\t<select name=\"form_fields[field_34d7e3b]\" id=\"form-field-field_34d7e3b\" class=\"elementor-field-textual elementor-size-sm\" required=\"required\">\n\t\t\t\t\t\t\t\t\t<option value=\"-- Mode d\u2019\u00e9change de retour --\">-- Mode d\u2019\u00e9change de retour --<\/option>\n\t\t\t\t\t\t\t\t\t<option value=\"Mode de retour : note de cr\u00e9dit\">Mode de retour : note de cr\u00e9dit<\/option>\n\t\t\t\t\t\t\t<\/select>\n\t\t<\/div>\n\t\t\t\t\t\t<\/div>\n\t\t\t\t\t\t\t\t<div class=\"elementor-field-type-text elementor-field-group elementor-column elementor-field-group-field_ec8d4ff elementor-col-100 elementor-field-required\">\n\t\t\t\t\t\t\t\t\t\t\t\t<label for=\"form-field-field_ec8d4ff\" class=\"elementor-field-label elementor-screen-only\">\n\t\t\t\t\t\t\t\tIBAN\t\t\t\t\t\t\t<\/label>\n\t\t\t\t\t\t\t\t\t\t\t\t\t\t<input size=\"1\" type=\"text\" name=\"form_fields[field_ec8d4ff]\" id=\"form-field-field_ec8d4ff\" class=\"elementor-field elementor-size-sm  elementor-field-textual\" placeholder=\"IBAN*\" required=\"required\">\n\t\t\t\t\t\t\t\t\t\t\t<\/div>\n\t\t\t\t\t\t\t\t<div class=\"elementor-field-type-textarea elementor-field-group elementor-column elementor-field-group-message elementor-col-100 elementor-field-required\">\n\t\t\t\t\t\t\t\t\t\t\t\t<label for=\"form-field-message\" class=\"elementor-field-label elementor-screen-only\">\n\t\t\t\t\t\t\t\tProduits \u00e0 retourner\t\t\t\t\t\t\t<\/label>\n\t\t\t\t\t\t<textarea class=\"elementor-field-textual elementor-field  elementor-size-sm\" name=\"form_fields[message]\" id=\"form-field-message\" rows=\"4\" placeholder=\"Mentionnez les produits que vous souhaitez retourner, ainsi que les quantit\u00e9s et les tailles*\" required=\"required\"><\/textarea>\t\t\t\t<\/div>\n\t\t\t\t\t\t\t\t<div class=\"elementor-field-type-textarea elementor-field-group elementor-column elementor-field-group-field_217c4e3 elementor-col-100\">\n\t\t\t\t\t\t\t\t\t\t\t\t<label for=\"form-field-field_217c4e3\" class=\"elementor-field-label elementor-screen-only\">\n\t\t\t\t\t\t\t\tRemarques\t\t\t\t\t\t\t<\/label>\n\t\t\t\t\t\t<textarea class=\"elementor-field-textual elementor-field  elementor-size-sm\" name=\"form_fields[field_217c4e3]\" id=\"form-field-field_217c4e3\" rows=\"3\" placeholder=\"Notes (facultatif)\"><\/textarea>\t\t\t\t<\/div>\n\t\t\t\t\t\t\t\t<div class=\"elementor-field-type-upload elementor-field-group elementor-column elementor-field-group-field_5ba6243 elementor-col-100\">\n\t\t\t\t\t\t\t\t\t\t\t\t<label for=\"form-field-field_5ba6243\" class=\"elementor-field-label elementor-screen-only\">\n\t\t\t\t\t\t\t\tT\u00e9l\u00e9charger des fichiers (facultatif)\t\t\t\t\t\t\t<\/label>\n\t\t\t\t\t\t\t\t<input type=\"file\" name=\"form_fields[field_5ba6243][]\" id=\"form-field-field_5ba6243\" class=\"elementor-field elementor-size-sm  elementor-upload-field\" multiple=\"multiple\" data-maxsize=\"5\" data-maxsize-message=\"This file exceeds the maximum allowed size.\">\n\n\t\t\t\t\t\t<\/div>\n\t\t\t\t\t\t\t\t<div class=\"elementor-field-type-acceptance elementor-field-group elementor-column elementor-field-group-n_privacidade elementor-col-100 elementor-field-required\">\n\t\t\t\t\t\t\t\t\t\t\t\t<label for=\"form-field-n_privacidade\" class=\"elementor-field-label elementor-screen-only\">\n\t\t\t\t\t\t\t\tCGV\t\t\t\t\t\t\t<\/label>\n\t\t\t\t\t\t\t\t<div class=\"elementor-field-subgroup\">\n\t\t\t<span class=\"elementor-field-option\">\n\t\t\t\t<input type=\"checkbox\" name=\"form_fields[n_privacidade]\" id=\"form-field-n_privacidade\" class=\"elementor-field elementor-size-sm  elementor-acceptance-field\" required=\"required\">\n\t\t\t\t<label for=\"form-field-n_privacidade\">En utilisant ce formulaire, j\u2019accepte le stockage et le traitement de mes informations sur ce site Web conform\u00e9ment \u00e0 la <a href=\"https:\/\/barbot.pt\/fr\/vie-privee\/\">politique de confidentialit\u00e9<\/a> que j\u2019ai lue et que j\u2019accepte.<\/label>\t\t\t<\/span>\n\t\t<\/div>\n\t\t\t\t\t\t<\/div>\n\t\t\t\t\t\t\t\t<div class=\"elementor-field-group elementor-column elementor-field-type-submit elementor-col-50 e-form__buttons\">\n\t\t\t\t\t<button class=\"elementor-button elementor-size-sm\" type=\"submit\">\n\t\t\t\t\t\t<span class=\"elementor-button-content-wrapper\">\n\t\t\t\t\t\t\t\t\t\t\t\t\t\t\t\t\t\t\t\t\t\t<span class=\"elementor-button-text\">Envoyer une demande<\/span>\n\t\t\t\t\t\t\t\t\t\t\t\t\t<\/span>\n\t\t\t\t\t<\/button>\n\t\t\t\t<\/div>\n\t\t\t<\/div>\n\t\t<\/form>\n\t\t\t\t\t\t<\/div>\n\t\t\t\t<\/div>\n\t\t\t\t<\/div>\n\t\t\t\t\t<\/div>\n\t\t\t\t<\/div>\n\t\t\t\t<\/div>\n\t\t","protected":false},"excerpt":{"rendered":"<p>Processus de retour en 3 \u00e9tapes \u00c9tape 1 : Commencez par remplir le formulaire avec les informations demand\u00e9es. \u00c9tape 2<\/p>\n","protected":false},"author":1,"featured_media":0,"parent":0,"menu_order":0,"comment_status":"closed","ping_status":"closed","template":"","meta":{"_acf_changed":false,"_seopress_robots_primary_cat":"","_seopress_titles_title":"","_seopress_titles_desc":"","_seopress_robots_index":"","footnotes":""},"class_list":["post-478276","page","type-page","status-publish","hentry"],"acf":[],"_links":{"self":[{"href":"https:\/\/barbot.pt\/fr\/wp-json\/wp\/v2\/pages\/478276","targetHints":{"allow":["GET"]}}],"collection":[{"href":"https:\/\/barbot.pt\/fr\/wp-json\/wp\/v2\/pages"}],"about":[{"href":"https:\/\/barbot.pt\/fr\/wp-json\/wp\/v2\/types\/page"}],"author":[{"embeddable":true,"href":"https:\/\/barbot.pt\/fr\/wp-json\/wp\/v2\/users\/1"}],"replies":[{"embeddable":true,"href":"https:\/\/barbot.pt\/fr\/wp-json\/wp\/v2\/comments?post=478276"}],"version-history":[{"count":0,"href":"https:\/\/barbot.pt\/fr\/wp-json\/wp\/v2\/pages\/478276\/revisions"}],"wp:attachment":[{"href":"https:\/\/barbot.pt\/fr\/wp-json\/wp\/v2\/media?parent=478276"}],"curies":[{"name":"wp","href":"https:\/\/api.w.org\/{rel}","templated":true}]}}